{"id":588,"date":"2020-04-02T18:49:14","date_gmt":"2020-04-02T17:49:14","guid":{"rendered":"https:\/\/www.raulviera.com\/?page_id=588"},"modified":"2020-04-07T17:46:18","modified_gmt":"2020-04-07T16:46:18","slug":"politica-privacidad","status":"publish","type":"page","link":"https:\/\/www.raulviera.com\/en\/politica-privacidad\/","title":{"rendered":"Pol\u00edtica de privacidad"},"content":{"rendered":"<div data-elementor-type=\"wp-page\" data-elementor-id=\"588\" class=\"elementor elementor-588\">\n\t\t\t\t\t\t<section class=\"elementor-section elementor-top-section elementor-element elementor-element-10f5774 elementor-section-boxed elementor-section-height-default elementor-section-height-default\" data-id=\"10f5774\" data-element_type=\"section\" data-e-type=\"section\">\n\t\t\t\t\t\t<div class=\"elementor-container elementor-column-gap-default\">\n\t\t\t\t\t<div class=\"elementor-column elementor-col-100 elementor-top-column elementor-element elementor-element-c420db3\" data-id=\"c420db3\" data-element_type=\"column\" data-e-type=\"column\">\n\t\t\t<div class=\"elementor-widget-wrap elementor-element-populated\">\n\t\t\t\t\t\t<div class=\"elementor-element elementor-element-59cb709 elementor-widget elementor-widget-spacer\" data-id=\"59cb709\" data-element_type=\"widget\" data-e-type=\"widget\" data-widget_type=\"spacer.default\">\n\t\t\t\t<div class=\"elementor-widget-container\">\n\t\t\t\t\t\t\t<div class=\"elementor-spacer\">\n\t\t\t<div class=\"elementor-spacer-inner\"><\/div>\n\t\t<\/div>\n\t\t\t\t\t\t<\/div>\n\t\t\t\t<\/div>\n\t\t\t\t\t<\/div>\n\t\t<\/div>\n\t\t\t\t\t<\/div>\n\t\t<\/section>\n\t\t\t\t<section class=\"elementor-section elementor-top-section elementor-element elementor-element-9977e51 elementor-section-boxed elementor-section-height-default elementor-section-height-default\" data-id=\"9977e51\" data-element_type=\"section\" data-e-type=\"section\">\n\t\t\t\t\t\t<div class=\"elementor-container elementor-column-gap-default\">\n\t\t\t\t\t<div class=\"elementor-column elementor-col-100 elementor-top-column elementor-element elementor-element-6990827\" data-id=\"6990827\" data-element_type=\"column\" data-e-type=\"column\">\n\t\t\t<div class=\"elementor-widget-wrap elementor-element-populated\">\n\t\t\t\t\t\t<div class=\"elementor-element elementor-element-32b1c9f elementor-widget elementor-widget-heading\" data-id=\"32b1c9f\" data-element_type=\"widget\" data-e-type=\"widget\" data-widget_type=\"heading.default\">\n\t\t\t\t<div class=\"elementor-widget-container\">\n\t\t\t\t\t<h2 class=\"elementor-heading-title elementor-size-xxl\">Pol\u00edtica de privacidad<\/h2>\t\t\t\t<\/div>\n\t\t\t\t<\/div>\n\t\t\t\t\t<\/div>\n\t\t<\/div>\n\t\t\t\t\t<\/div>\n\t\t<\/section>\n\t\t\t\t<section class=\"elementor-section elementor-top-section elementor-element elementor-element-249d52a elementor-section-boxed elementor-section-height-default elementor-section-height-default\" data-id=\"249d52a\" data-element_type=\"section\" data-e-type=\"section\">\n\t\t\t\t\t\t<div class=\"elementor-container elementor-column-gap-default\">\n\t\t\t\t\t<div class=\"elementor-column elementor-col-100 elementor-top-column elementor-element elementor-element-ea23096\" data-id=\"ea23096\" data-element_type=\"column\" data-e-type=\"column\">\n\t\t\t<div class=\"elementor-widget-wrap elementor-element-populated\">\n\t\t\t\t\t\t<div class=\"elementor-element elementor-element-95d1c15 elementor-widget elementor-widget-spacer\" data-id=\"95d1c15\" data-element_type=\"widget\" data-e-type=\"widget\" data-widget_type=\"spacer.default\">\n\t\t\t\t<div class=\"elementor-widget-container\">\n\t\t\t\t\t\t\t<div class=\"elementor-spacer\">\n\t\t\t<div class=\"elementor-spacer-inner\"><\/div>\n\t\t<\/div>\n\t\t\t\t\t\t<\/div>\n\t\t\t\t<\/div>\n\t\t\t\t\t<\/div>\n\t\t<\/div>\n\t\t\t\t\t<\/div>\n\t\t<\/section>\n\t\t\t\t<section class=\"elementor-section elementor-top-section elementor-element elementor-element-e0b619c elementor-section-boxed elementor-section-height-default elementor-section-height-default\" data-id=\"e0b619c\" data-element_type=\"section\" data-e-type=\"section\">\n\t\t\t\t\t\t<div class=\"elementor-container elementor-column-gap-default\">\n\t\t\t\t\t<div class=\"elementor-column elementor-col-100 elementor-top-column elementor-element elementor-element-16d87ca\" data-id=\"16d87ca\" data-element_type=\"column\" data-e-type=\"column\">\n\t\t\t<div class=\"elementor-widget-wrap elementor-element-populated\">\n\t\t\t\t\t\t<div class=\"elementor-element elementor-element-9d68857 elementor-widget elementor-widget-text-editor\" data-id=\"9d68857\" data-element_type=\"widget\" data-e-type=\"widget\" data-widget_type=\"text-editor.default\">\n\t\t\t\t<div class=\"elementor-widget-container\">\n\t\t\t\t\t\t\t\t\t<p>Hasta ahora se ven\u00eda cumpliendo la LOPD para temas de privacidad de datos, ley que a partir del 25 de Mayo del 2018 queda sustituida por el Reglamento General de Protecci\u00f3n de datos (RGPD) de la Uni\u00f3n Europea.<\/p><p>La presente Pol\u00edtica de Privacidad ser\u00e1 v\u00e1lida \u00fanicamente para los datos de car\u00e1cter personal obtenidos en https:\/\/www.raulviera.com, no siendo aplicable para aquella informaci\u00f3n recabada por terceros en otras p\u00e1ginas web, incluso si \u00e9stas se encuentran enlazadas por el https:\/\/www.raulviera.com.<\/p><p>Con ello https:\/\/www.raulviera.com manifiesta su compromiso por mantener y garantizar las relaciones comerciales con el Usuario de forma segura mediante la protecci\u00f3n de sus datos personales y garantizando su derecho a la privacidad.<\/p><h2>Datos personales que requiere https:\/\/www.raulviera.com<\/h2><p>Para poder prestar nuestros servicios necesitamos algunos datos identificativos seg\u00fan el servicio que https:\/\/www.raulviera.com te preste en el formulario de contacto:<\/p><ul><li>Nombre y apellidos: para poder responder a la consulta.<\/li><li>email: para poder responder a la consulta<\/li><\/ul><p>Adicionalmente, cuando visitas nuestro https:\/\/www.raulviera.com determinada informaci\u00f3n se almacena autom\u00e1ticamente por motivos t\u00e9cnicos como la direcci\u00f3n IP asignada por tu proveedor de acceso a Internet.<\/p><h2>Legitimaci\u00f3n<\/h2><p>Gracias al consentimiento podemos tratar tus datos, siendo este un requisito obligatorio para que puedas acceder de forma correcto a los servicios de https:\/\/www.raulviera.com.<\/p><p>El usuario dispone de su derecho al olvido cuando quiera que todos sus datos sean eliminados de nuestras base de datos.<\/p><h2>Categor\u00eda de los datos<\/h2><p>Los datos que recopila https:\/\/www.raulviera.com no son considerados datos sensibles o protegidos.<\/p><p>Seg\u00fan el art\u00edculo 9.1 del nuevo reglamento general de protecci\u00f3n de datos de la uni\u00f3n europea (RGPD) se consideran datos sensibles o protegidos los datos personales que revelen:<\/p><ul><li>El origen \u00e9tnico o racial.<\/li><li>Las opiniones pol\u00edticas.<\/li><li>Las convicciones religiosas o filos\u00f3ficas.<\/li><li>La afiliaci\u00f3n sindical.<\/li><li>El tratamiento de datos gen\u00e9ticos.<\/li><li>Datos biom\u00e9tricos dirigidos a identificar de manera un\u00edvoca a una persona f\u00edsica.<\/li><li>Datos relativos a la salud.<\/li><li>Datos relativos a la vida sexual o las orientaci\u00f3n sexuales de una persona f\u00edsica.<\/li><\/ul><p>S\u00f3lo trabajamos con los <strong>datos m\u00ednimos identificativos<\/strong> para llevar a cabo nuestra labor: nombre, apellidos, email.<\/p><h2>Tiempo de conservaci\u00f3n de los datos<\/h2><p>Los datos del cliente: nombre, tel\u00e9fono, direcci\u00f3n postal, correo electr\u00f3nico, etc. permanecer\u00e1n en nuestro sistema lo que legalmente y t\u00e9cnicamente se requiera para la operativa normal del https:\/\/www.raulviera.com, a menos que el Usuario ejerza su derecho a su eliminaci\u00f3n o actualizaci\u00f3n.<\/p><h2>Normativa de aplicaci\u00f3n<\/h2><p>Desde el el 25 de mayo de 2018, https:\/\/www.raulviera.com se rige por el Reglamento General sobre Protecci\u00f3n de Datos (RGPD) de la Uni\u00f3n Europea. <a href=\"https:\/\/www.boe.es\/doue\/2016\/119\/L00001-00088.pdf\">https:\/\/www.boe.es\/doue\/2016\/119\/L00001-00088.pdf<\/a><\/p><h2>Medidas de seguridad<\/h2><p>https:\/\/www.raulviera.com est\u00e1 alojado en los sistemas operados por 10DENCEHISPAHARD, S.L., en adelante cdmon, est\u00e1n implantadas las medidas de seguridad t\u00e9cnicas y organizativas necesarias para garantizar la seguridad de los datos de car\u00e1cter personal del Usuario y evitar as\u00ed su alteraci\u00f3n, p\u00e9rdida y tratamiento y\/o acceso no autorizado. Esto habida cuenta del estado de la tecnolog\u00eda, la naturaleza de los datos almacenados y los riesgos a que est\u00e1n expuestos, ya provengan de la acci\u00f3n humana o del medio f\u00edsico o natural. Todo ello de conformidad con lo previsto en el RGPD.<\/p><p>Asimismo, cdmon ha establecido medidas adicionales en orden a reforzar la confidencialidad e integridad de la informaci\u00f3n en https:\/\/www.raulviera.com. Manteniendo continuamente la supervisi\u00f3n, control y evaluaci\u00f3n de los procesos para asegurar el respeto a la privacidad de los datos.<\/p><p>Concretamente, las medidas que adopta cdmon son:<\/p><ul><li>Conexi\u00f3n con certificado SSL en el Sitio Web.<\/li><li>Encriptaci\u00f3n de las claves y contrase\u00f1as utilizando algoritmos criptogr\u00e1ficos est\u00e1ndar.<\/li><li>Protecci\u00f3n de los servidores mediante cortafuegos, aislamiento de procesos, y otras medidas de seguridad est\u00e1ndar.<\/li><li>Copias de seguridad diarias distribuidas geogr\u00e1ficamente para garantizar la continuidad del servicio en caso de incidente.<\/li><\/ul><h2>Ejercicios de derechos<\/h2><p>Aquel Usuario que haya facilitado sus datos a https:\/\/www.raulviera.com, podr\u00e1 dirigirse al titular de la web con el fin de poder ejercitar gratuitamente su derecho de acceso a sus datos, rectificaci\u00f3n o supresi\u00f3n, limitaci\u00f3n y oposici\u00f3n respecto de los datos incorporados en sus ficheros.<\/p><p>El m\u00e9todo que debe utilizar el Usuario para comunicarse con https:\/\/www.raulviera.com ser\u00e1 mediante su cuenta de email registrada en nuestro servicio web, o por escrito.<\/p><p>El Usuario podr\u00e1 ejercitar sus derechos mediante comunicaci\u00f3n por escrito dirigida a https:\/\/www.raulviera.com con la referencia \u201cProtecci\u00f3n de datos\u201d, especificando sus datos, acreditando su identidad y los motivos de su solicitud en la siguiente direcci\u00f3n:<\/p><ul><li>info@raulviera.com<\/li><\/ul><p>Cualquier informaci\u00f3n que necesitemos almacenar en virtud de una obligaci\u00f3n legal, fiscal o contractual, ser\u00e1 bloqueada y s\u00f3lo utilizada para dichos fines en lugar de ser borrada.<\/p><h2>Modificaci\u00f3n de la pol\u00edtica de privacidad<\/h2><p>https:\/\/www.raulviera.com se reserva el derecho de modificar la Pol\u00edtica de Privacidad, motivado por un cambio legislativo, jurisprudencial o doctrinal de la Agencia Espa\u00f1ola de Protecci\u00f3n de Datos.<\/p><p>Cualquier modificaci\u00f3n de la Pol\u00edtica de Privacidad ser\u00e1 publicada al menos diez d\u00edas antes de su efectiva aplicaci\u00f3n.<\/p><h2>Responsable del fichero y encargado del tratamiento<\/h2><p>El responsable del fichero de datos de https:\/\/www.raulviera.com es Ra\u00fal Viera Barrientos<strong>.<\/strong><\/p><h2>Servicios ofrecidos por terceros<\/h2><p>Para prestar servicios estrictamente necesarios para su adecuado funcionamiento https:\/\/www.raulviera.com utiliza los siguientes prestadores de servicios bajo sus correspondientes condiciones de privacidad:<\/p><ul><li>Google Analytics, para estad\u00edsticas.<a href=\"https:\/\/policies.google.com\/privacy?hl=es\"> https:\/\/policies.google.com\/privacy?hl=es<\/a><\/li><li>Facebook Pixel, para estad\u00edsticas. <a href=\"https:\/\/www.facebook.com\/privacy\/explanation\">https:\/\/www.facebook.com\/privacy\/explanation<\/a><\/li><li>Cdmon, registro dominios y servicio de correo. <a href=\"https:\/\/www.dondominio.com\/legal\/55\/politica-de-privacidad\/\">https:\/\/www.cdmon.com\/es\/contratos\/aviso-legal-y-politica-de-privacidad-de-datos-20190601 <\/a><\/li><\/ul><h2>Aceptaci\u00f3n, consentimiento y revocabilidad<\/h2><p>El Usuario declara haber sido informado de las presentes condiciones sobre protecci\u00f3n de datos de car\u00e1cter personal, aceptando y consintiendo el tratamiento de los mismos por parte de https:\/\/www.raulviera.com en la forma y para las finalidades indicadas en el Aviso Legal.<\/p><p>En cualquier momento el Usuario podr\u00e1 revocar sus datos, pero sin afectar a acciones ya realizadas en el pasado, es decir sin car\u00e1cter retroactivo.<\/p>\t\t\t\t\t\t\t\t<\/div>\n\t\t\t\t<\/div>\n\t\t\t\t\t<\/div>\n\t\t<\/div>\n\t\t\t\t\t<\/div>\n\t\t<\/section>\n\t\t\t\t<\/div>","protected":false},"excerpt":{"rendered":"<p>Pol\u00edtica de privacidad Hasta ahora se ven\u00eda cumpliendo la LOPD para temas de privacidad de datos, ley que a partir del 25 de Mayo del 2018 queda sustituida por el Reglamento General de Protecci\u00f3n de datos (RGPD) de la Uni\u00f3n Europea. La presente Pol\u00edtica de Privacidad ser\u00e1 v\u00e1lida \u00fanicamente para los datos de car\u00e1cter personal [&hellip;]<\/p>\n","protected":false},"author":1,"featured_media":0,"parent":0,"menu_order":0,"comment_status":"closed","ping_status":"closed","template":"","meta":{"site-sidebar-layout":"no-sidebar","site-content-layout":"page-builder","ast-site-content-layout":"","site-content-style":"default","site-sidebar-style":"default","ast-global-header-display":"","ast-banner-title-visibility":"","ast-main-header-display":"","ast-hfb-above-header-display":"","ast-hfb-below-header-display":"","ast-hfb-mobile-header-display":"","site-post-title":"disabled","ast-breadcrumbs-content":"","ast-featured-img":"disabled","footer-sml-layout":"","theme-transparent-header-meta":"default","adv-header-id-meta":"","stick-header-meta":"","header-above-stick-meta":"","header-main-stick-meta":"","header-below-stick-meta":"","astra-migrate-meta-layouts":"default","ast-page-background-enabled":"default","ast-page-background-meta":{"desktop":{"background-color":"","background-image":"","background-repeat":"repeat","background-position":"center center","background-size":"auto","background-attachment":"scroll","background-type":"","background-media":"","overlay-type":"","overlay-color":"","overlay-opacity":"","overlay-gradient":""},"tablet":{"background-color":"","background-image":"","background-repeat":"repeat","background-position":"center center","background-size":"auto","background-attachment":"scroll","background-type":"","background-media":"","overlay-type":"","overlay-color":"","overlay-opacity":"","overlay-gradient":""},"mobile":{"background-color":"","background-image":"","background-repeat":"repeat","background-position":"center center","background-size":"auto","background-attachment":"scroll","background-type":"","background-media":"","overlay-type":"","overlay-color":"","overlay-opacity":"","overlay-gradient":""}},"ast-content-background-meta":{"desktop":{"background-color":"var(--ast-global-color-5)","background-image":"","background-repeat":"repeat","background-position":"center center","background-size":"auto","background-attachment":"scroll","background-type":"","background-media":"","overlay-type":"","overlay-color":"","overlay-opacity":"","overlay-gradient":""},"tablet":{"background-color":"var(--ast-global-color-5)","background-image":"","background-repeat":"repeat","background-position":"center center","background-size":"auto","background-attachment":"scroll","background-type":"","background-media":"","overlay-type":"","overlay-color":"","overlay-opacity":"","overlay-gradient":""},"mobile":{"background-color":"var(--ast-global-color-5)","background-image":"","background-repeat":"repeat","background-position":"center center","background-size":"auto","background-attachment":"scroll","background-type":"","background-media":"","overlay-type":"","overlay-color":"","overlay-opacity":"","overlay-gradient":""}},"footnotes":""},"class_list":["post-588","page","type-page","status-publish","hentry"],"yoast_head":"<!-- This site is optimized with the Yoast SEO plugin v27.4 - https:\/\/yoast.com\/product\/yoast-seo-wordpress\/ -->\n<title>Pol\u00edtica de privacidad - Raul Viera<\/title>\n<meta name=\"robots\" content=\"index, follow, max-snippet:-1, max-image-preview:large, max-video-preview:-1\" \/>\n<link rel=\"canonical\" href=\"https:\/\/www.raulviera.com\/en\/politica-privacidad\/\" \/>\n<meta property=\"og:locale\" content=\"en_GB\" \/>\n<meta property=\"og:type\" content=\"article\" \/>\n<meta property=\"og:title\" content=\"Pol\u00edtica de privacidad - Raul Viera\" \/>\n<meta property=\"og:description\" content=\"Pol\u00edtica de privacidad Hasta ahora se ven\u00eda cumpliendo la LOPD para temas de privacidad de datos, ley que a partir del 25 de Mayo del 2018 queda sustituida por el Reglamento General de Protecci\u00f3n de datos (RGPD) de la Uni\u00f3n Europea. La presente Pol\u00edtica de Privacidad ser\u00e1 v\u00e1lida \u00fanicamente para los datos de car\u00e1cter personal [&hellip;]\" \/>\n<meta property=\"og:url\" content=\"https:\/\/www.raulviera.com\/en\/politica-privacidad\/\" \/>\n<meta property=\"og:site_name\" content=\"Raul Viera\" \/>\n<meta property=\"article:modified_time\" content=\"2020-04-07T16:46:18+00:00\" \/>\n<meta name=\"twitter:card\" content=\"summary_large_image\" \/>\n<meta name=\"twitter:label1\" content=\"Estimated reading time\" \/>\n\t<meta name=\"twitter:data1\" content=\"5 minutes\" \/>\n<script type=\"application\/ld+json\" class=\"yoast-schema-graph\">{\"@context\":\"https:\\\/\\\/schema.org\",\"@graph\":[{\"@type\":\"WebPage\",\"@id\":\"https:\\\/\\\/www.raulviera.com\\\/en\\\/politica-privacidad\\\/\",\"url\":\"https:\\\/\\\/www.raulviera.com\\\/en\\\/politica-privacidad\\\/\",\"name\":\"Pol\u00edtica de privacidad - Raul Viera\",\"isPartOf\":{\"@id\":\"https:\\\/\\\/www.raulviera.com\\\/#website\"},\"datePublished\":\"2020-04-02T17:49:14+00:00\",\"dateModified\":\"2020-04-07T16:46:18+00:00\",\"breadcrumb\":{\"@id\":\"https:\\\/\\\/www.raulviera.com\\\/en\\\/politica-privacidad\\\/#breadcrumb\"},\"inLanguage\":\"en-GB\",\"potentialAction\":[{\"@type\":\"ReadAction\",\"target\":[\"https:\\\/\\\/www.raulviera.com\\\/en\\\/politica-privacidad\\\/\"]}]},{\"@type\":\"BreadcrumbList\",\"@id\":\"https:\\\/\\\/www.raulviera.com\\\/en\\\/politica-privacidad\\\/#breadcrumb\",\"itemListElement\":[{\"@type\":\"ListItem\",\"position\":1,\"name\":\"Portada\",\"item\":\"https:\\\/\\\/www.raulviera.com\\\/\"},{\"@type\":\"ListItem\",\"position\":2,\"name\":\"Pol\u00edtica de privacidad\"}]},{\"@type\":\"WebSite\",\"@id\":\"https:\\\/\\\/www.raulviera.com\\\/#website\",\"url\":\"https:\\\/\\\/www.raulviera.com\\\/\",\"name\":\"Raul Viera\",\"description\":\"\",\"publisher\":{\"@id\":\"https:\\\/\\\/www.raulviera.com\\\/#\\\/schema\\\/person\\\/c4fba64c48303f2c6c1defe22a68311e\"},\"potentialAction\":[{\"@type\":\"SearchAction\",\"target\":{\"@type\":\"EntryPoint\",\"urlTemplate\":\"https:\\\/\\\/www.raulviera.com\\\/?s={search_term_string}\"},\"query-input\":{\"@type\":\"PropertyValueSpecification\",\"valueRequired\":true,\"valueName\":\"search_term_string\"}}],\"inLanguage\":\"en-GB\"},{\"@type\":[\"Person\",\"Organization\"],\"@id\":\"https:\\\/\\\/www.raulviera.com\\\/#\\\/schema\\\/person\\\/c4fba64c48303f2c6c1defe22a68311e\",\"name\":\"raulviera\",\"logo\":{\"@id\":\"https:\\\/\\\/www.raulviera.com\\\/#\\\/schema\\\/person\\\/image\\\/\"}}]}<\/script>\n<!-- \/ Yoast SEO plugin. -->","yoast_head_json":{"title":"Pol\u00edtica de privacidad - Raul Viera","robots":{"index":"index","follow":"follow","max-snippet":"max-snippet:-1","max-image-preview":"max-image-preview:large","max-video-preview":"max-video-preview:-1"},"canonical":"https:\/\/www.raulviera.com\/en\/politica-privacidad\/","og_locale":"en_GB","og_type":"article","og_title":"Pol\u00edtica de privacidad - Raul Viera","og_description":"Pol\u00edtica de privacidad Hasta ahora se ven\u00eda cumpliendo la LOPD para temas de privacidad de datos, ley que a partir del 25 de Mayo del 2018 queda sustituida por el Reglamento General de Protecci\u00f3n de datos (RGPD) de la Uni\u00f3n Europea. La presente Pol\u00edtica de Privacidad ser\u00e1 v\u00e1lida \u00fanicamente para los datos de car\u00e1cter personal [&hellip;]","og_url":"https:\/\/www.raulviera.com\/en\/politica-privacidad\/","og_site_name":"Raul Viera","article_modified_time":"2020-04-07T16:46:18+00:00","twitter_card":"summary_large_image","twitter_misc":{"Estimated reading time":"5 minutes"},"schema":{"@context":"https:\/\/schema.org","@graph":[{"@type":"WebPage","@id":"https:\/\/www.raulviera.com\/en\/politica-privacidad\/","url":"https:\/\/www.raulviera.com\/en\/politica-privacidad\/","name":"Pol\u00edtica de privacidad - Raul Viera","isPartOf":{"@id":"https:\/\/www.raulviera.com\/#website"},"datePublished":"2020-04-02T17:49:14+00:00","dateModified":"2020-04-07T16:46:18+00:00","breadcrumb":{"@id":"https:\/\/www.raulviera.com\/en\/politica-privacidad\/#breadcrumb"},"inLanguage":"en-GB","potentialAction":[{"@type":"ReadAction","target":["https:\/\/www.raulviera.com\/en\/politica-privacidad\/"]}]},{"@type":"BreadcrumbList","@id":"https:\/\/www.raulviera.com\/en\/politica-privacidad\/#breadcrumb","itemListElement":[{"@type":"ListItem","position":1,"name":"Portada","item":"https:\/\/www.raulviera.com\/"},{"@type":"ListItem","position":2,"name":"Pol\u00edtica de privacidad"}]},{"@type":"WebSite","@id":"https:\/\/www.raulviera.com\/#website","url":"https:\/\/www.raulviera.com\/","name":"Raul Viera","description":"","publisher":{"@id":"https:\/\/www.raulviera.com\/#\/schema\/person\/c4fba64c48303f2c6c1defe22a68311e"},"potentialAction":[{"@type":"SearchAction","target":{"@type":"EntryPoint","urlTemplate":"https:\/\/www.raulviera.com\/?s={search_term_string}"},"query-input":{"@type":"PropertyValueSpecification","valueRequired":true,"valueName":"search_term_string"}}],"inLanguage":"en-GB"},{"@type":["Person","Organization"],"@id":"https:\/\/www.raulviera.com\/#\/schema\/person\/c4fba64c48303f2c6c1defe22a68311e","name":"raulviera","logo":{"@id":"https:\/\/www.raulviera.com\/#\/schema\/person\/image\/"}}]}},"amp_enabled":true,"_links":{"self":[{"href":"https:\/\/www.raulviera.com\/en\/wp-json\/wp\/v2\/pages\/588","targetHints":{"allow":["GET"]}}],"collection":[{"href":"https:\/\/www.raulviera.com\/en\/wp-json\/wp\/v2\/pages"}],"about":[{"href":"https:\/\/www.raulviera.com\/en\/wp-json\/wp\/v2\/types\/page"}],"author":[{"embeddable":true,"href":"https:\/\/www.raulviera.com\/en\/wp-json\/wp\/v2\/users\/1"}],"replies":[{"embeddable":true,"href":"https:\/\/www.raulviera.com\/en\/wp-json\/wp\/v2\/comments?post=588"}],"version-history":[{"count":6,"href":"https:\/\/www.raulviera.com\/en\/wp-json\/wp\/v2\/pages\/588\/revisions"}],"predecessor-version":[{"id":655,"href":"https:\/\/www.raulviera.com\/en\/wp-json\/wp\/v2\/pages\/588\/revisions\/655"}],"wp:attachment":[{"href":"https:\/\/www.raulviera.com\/en\/wp-json\/wp\/v2\/media?parent=588"}],"curies":[{"name":"wp","href":"https:\/\/api.w.org\/{rel}","templated":true}]}}