{"id":550,"date":"2020-04-01T11:36:17","date_gmt":"2020-04-01T10:36:17","guid":{"rendered":"https:\/\/www.raulviera.com\/?page_id=550"},"modified":"2020-04-04T19:32:21","modified_gmt":"2020-04-04T18:32:21","slug":"politica-de-cookies","status":"publish","type":"page","link":"https:\/\/www.raulviera.com\/en\/politica-de-cookies\/","title":{"rendered":"Cookies policy"},"content":{"rendered":"<div data-elementor-type=\"wp-page\" data-elementor-id=\"550\" class=\"elementor elementor-550\">\n\t\t\t\t\t\t<section class=\"elementor-section elementor-top-section elementor-element elementor-element-6429e79 elementor-section-boxed elementor-section-height-default elementor-section-height-default\" data-id=\"6429e79\" data-element_type=\"section\" data-e-type=\"section\">\n\t\t\t\t\t\t<div class=\"elementor-container elementor-column-gap-default\">\n\t\t\t\t\t<div class=\"elementor-column elementor-col-100 elementor-top-column elementor-element elementor-element-bfe98df\" data-id=\"bfe98df\" data-element_type=\"column\" data-e-type=\"column\">\n\t\t\t<div class=\"elementor-widget-wrap elementor-element-populated\">\n\t\t\t\t\t\t<div class=\"elementor-element elementor-element-d2959e7 elementor-widget elementor-widget-spacer\" data-id=\"d2959e7\" data-element_type=\"widget\" data-e-type=\"widget\" data-widget_type=\"spacer.default\">\n\t\t\t\t<div class=\"elementor-widget-container\">\n\t\t\t\t\t\t\t<div class=\"elementor-spacer\">\n\t\t\t<div class=\"elementor-spacer-inner\"><\/div>\n\t\t<\/div>\n\t\t\t\t\t\t<\/div>\n\t\t\t\t<\/div>\n\t\t\t\t\t<\/div>\n\t\t<\/div>\n\t\t\t\t\t<\/div>\n\t\t<\/section>\n\t\t\t\t<section class=\"elementor-section elementor-top-section elementor-element elementor-element-1600590 elementor-section-boxed elementor-section-height-default elementor-section-height-default\" data-id=\"1600590\" data-element_type=\"section\" data-e-type=\"section\">\n\t\t\t\t\t\t<div class=\"elementor-container elementor-column-gap-default\">\n\t\t\t\t\t<div class=\"elementor-column elementor-col-100 elementor-top-column elementor-element elementor-element-523553f\" data-id=\"523553f\" data-element_type=\"column\" data-e-type=\"column\">\n\t\t\t<div class=\"elementor-widget-wrap elementor-element-populated\">\n\t\t\t\t\t\t<div class=\"elementor-element elementor-element-7e73614 elementor-widget elementor-widget-heading\" data-id=\"7e73614\" data-element_type=\"widget\" data-e-type=\"widget\" data-widget_type=\"heading.default\">\n\t\t\t\t<div class=\"elementor-widget-container\">\n\t\t\t\t\t<h2 class=\"elementor-heading-title elementor-size-xxl\">Cookies policy<\/h2>\t\t\t\t<\/div>\n\t\t\t\t<\/div>\n\t\t\t\t\t<\/div>\n\t\t<\/div>\n\t\t\t\t\t<\/div>\n\t\t<\/section>\n\t\t\t\t<section class=\"elementor-section elementor-top-section elementor-element elementor-element-da2ddd4 elementor-section-boxed elementor-section-height-default elementor-section-height-default\" data-id=\"da2ddd4\" data-element_type=\"section\" data-e-type=\"section\">\n\t\t\t\t\t\t<div class=\"elementor-container elementor-column-gap-default\">\n\t\t\t\t\t<div class=\"elementor-column elementor-col-100 elementor-top-column elementor-element elementor-element-1085888\" data-id=\"1085888\" data-element_type=\"column\" data-e-type=\"column\">\n\t\t\t<div class=\"elementor-widget-wrap elementor-element-populated\">\n\t\t\t\t\t\t<div class=\"elementor-element elementor-element-e71dea0 elementor-widget elementor-widget-spacer\" data-id=\"e71dea0\" data-element_type=\"widget\" data-e-type=\"widget\" data-widget_type=\"spacer.default\">\n\t\t\t\t<div class=\"elementor-widget-container\">\n\t\t\t\t\t\t\t<div class=\"elementor-spacer\">\n\t\t\t<div class=\"elementor-spacer-inner\"><\/div>\n\t\t<\/div>\n\t\t\t\t\t\t<\/div>\n\t\t\t\t<\/div>\n\t\t\t\t\t<\/div>\n\t\t<\/div>\n\t\t\t\t\t<\/div>\n\t\t<\/section>\n\t\t\t\t<section class=\"elementor-section elementor-top-section elementor-element elementor-element-b225543 elementor-section-boxed elementor-section-height-default elementor-section-height-default\" data-id=\"b225543\" data-element_type=\"section\" data-e-type=\"section\">\n\t\t\t\t\t\t<div class=\"elementor-container elementor-column-gap-default\">\n\t\t\t\t\t<div class=\"elementor-column elementor-col-100 elementor-top-column elementor-element elementor-element-7cdcebc\" data-id=\"7cdcebc\" data-element_type=\"column\" data-e-type=\"column\">\n\t\t\t<div class=\"elementor-widget-wrap elementor-element-populated\">\n\t\t\t\t\t\t<div class=\"elementor-element elementor-element-5796d58 elementor-widget elementor-widget-text-editor\" data-id=\"5796d58\" data-element_type=\"widget\" data-e-type=\"widget\" data-widget_type=\"text-editor.default\">\n\t\t\t\t<div class=\"elementor-widget-container\">\n\t\t\t\t\t\t\t\t\t<p>La LSSI-CE, obliga a todos los que tengan un blog o una web a <b>advertir al usuario de la\u00a0<\/b><b>existencia de cookies, informar sobre ellas y requerirle permiso para descargarlas.\u00a0<\/b>No siempre es posible contar con informaci\u00f3n actualizada de las cookies que terceras partes pueda utilizar a trav\u00e9s de este sitio web.Por consiguiente, en caso de que te encuentres con este tipo de cookies en este sitio web y no est\u00e9n enumeradas en la lista siguiente, te informo de la importancia de comunic\u00e1rmelo. Tambi\u00e9n puedes ponerte en contacto directamente con el tercero para pedirle informaci\u00f3n sobre las cookies que coloca, la finalidad y la duraci\u00f3n de la cookie, y c\u00f3mo ha garantizado su privacidad.<\/p><p><strong>\u00bfQu\u00e9 son las Cookies?<\/strong><\/p><p>Las cookies constituyen una herramienta empleada por los servidores Web para almacenar y recuperar informaci\u00f3n acerca de sus visitantes. No es m\u00e1s que un fichero de texto que algunos servidores piden a nuestro navegador que escriba en nuestro disco duro, con informaci\u00f3n acerca de lo que hemos estado haciendo por sus p\u00e1ginas. Poseen una fecha de caducidad, que puede oscilar desde el tiempo que dure la sesi\u00f3n hasta una fecha futura especificada, a partir de la cual dejan de ser operativa.<\/p><h2><strong>1. Las cookies que utiliza esta web<\/strong><\/h2><p>En esta web se utilizan cookies\u00a0<strong>propias y de terceros<\/strong>\u00a0para conseguir que tengas una mejor experiencia de navegaci\u00f3n, puedas compartir contenido en redes sociales, para mostrarte anuncios en funci\u00f3n a tus intereses y para obtener estad\u00edsticas de usuarios.<\/p><p>Las cookies empleadas en https:\/\/raulviera.com se asocian \u00fanicamente con un Usuario an\u00f3nimo y su ordenador, no proporcionan referencias que permitan deducir el nombre y apellidos del Usuario y no pueden leer datos de su disco duro ni incluir virus en sus textos. Asimismo, https:\/\/raulviera.com no puede leer las cookies implantadas en el disco duro del Usuario desde otros servidores.<\/p><p>El usuario puede libremente decidir acerca de la implantaci\u00f3n o no en su disco duro de las cookies empleadas en https:\/\/raulviera.com. En este sentido, el usuario puede configurar su navegador para aceptar o rechazar por defecto todas las cookies o para recibir un aviso en pantalla de la recepci\u00f3n de cada cookie y decidir en ese momento su implantaci\u00f3n o no en su disco duro. Para ello le sugerimos consultar la secci\u00f3n de ayuda de su navegador para saber c\u00f3mo cambiar la configuraci\u00f3n que actualmente emplea. Aun cuando el Usuario configurase su navegador para rechazar todas las cookies o rechazase expresamente las cookies de\u00a0https:\/\/raulviera.com podr\u00e1 navegar por el Portal con el \u00fanico inconveniente de no poder disfrutar de las funcionalidades del Portal que requieran la instalaci\u00f3n de alguna de ellas. En cualquier caso, el Usuario podr\u00e1 eliminar las cookies implantadas en su disco duro en cualquier momento, siguiendo el procedimiento establecido en la secci\u00f3n de ayuda de su navegador y que posteriormente detallaremos.<\/p><p>Como usuario, puedes rechazar el tratamiento de los datos o la informaci\u00f3n bloqueando estas cookies mediante la configuraci\u00f3n apropiada de tu navegador. Sin embargo, debes saber que, si lo haces, este sitio no funcione adecuadamente.<\/p><p>Seg\u00fan los t\u00e9rminos incluidos en el art\u00edculo 22.2 de la Ley 34\/2002 de Servicios de la Sociedad de la Informaci\u00f3n y Comercio Electr\u00f3nico, si contin\u00faas navegando<strong>, estar\u00e1s prestando tu consentimiento<\/strong>\u00a0para el empleo de las cookies que detallo a continuaci\u00f3n.<\/p><p>Las cookies de esta web ayudan a:<\/p><ul><li>Hacer que esta web funcione correctamente<\/li><li>Ahorrarle el tener que iniciar sesi\u00f3n cada vez que visitas este sitio<\/li><li>Recordarte tus ajustes durante y entre las visitas<\/li><li>Permitirte visualizar videos<\/li><li>Mejorar la velocidad \/ seguridad del sitio<\/li><li>Que pueda compartir p\u00e1ginas con redes sociales<\/li><li>Mejorar continuamente de este sitio web<\/li><li>Mostrarte anuncios en funci\u00f3n de tus h\u00e1bitos de navegaci\u00f3n<\/li><\/ul><p><strong>No utilizare jam\u00e1s cookies para:<\/strong><\/p><ul><li>Recoger informaci\u00f3n de identificaci\u00f3n personal (sin tu permiso expreso)<\/li><li>Recoger informaci\u00f3n sensible (sin tu permiso expreso)<\/li><li>Compartir datos de identificaci\u00f3n personal a terceros<\/li><\/ul><h2><strong>2. Cookies de terceros que utilizamos en esta web y que debes conocer<\/strong><\/h2><p>Esta web, como la mayor\u00eda de sitios web, incluye funcionalidades proporcionadas por terceros.<\/p><p>Tambi\u00e9n se ponen a prueba regularmente nuevos dise\u00f1os o servicios de terceros para recomendaciones e informes.<\/p><p>Esto puede modificar ocasionalmente la configuraci\u00f3n de cookies y que aparezcan cookies no detalladas en la presente pol\u00edtica. Es importante que sepas que son cookies provisionales que no siempre es posible informar y que solo tienen finalidades de estudio y valoraci\u00f3n. En ning\u00fan caso se van a utilizar cookies que comprometan tu privacidad.<\/p><p>Entre las cookies de terceros m\u00e1s estables est\u00e1n:<\/p><ul><li><strong>Las generadas por servicios de an\u00e1lisis,<\/strong>\u00a0concretamente, Google Analytics para ayudar al website a analizar el uso que hacen los Usuarios del sitio web y mejorar la usabilidad del mismo, pero en ning\u00fan caso se asocian a datos que pudieran llegar a identificar al usuario.<\/li><\/ul><p>Google Analytics, es un servicio anal\u00edtico de web prestado por Google, Inc., una compa\u00f1\u00eda de Delaware cuya oficina principal est\u00e1 en 1600 Amphitheatre Parkway, Mountain View (California), CA 94043, Estados Unidos (\u201cGoogle\u201d).<\/p><p>El usuario puede consultar\u00a0<a href=\"https:\/\/www.google.es\/intl\/es\/policies\/technologies\/types\/\">aqu\u00ed<\/a>\u00a0el tipo de cookies utilizadas por Google. Cookie de Google+ y Google Maps, seg\u00fan lo dispuesto en su p\u00e1gina sobre qu\u00e9\u00a0<a href=\"http:\/\/www.google.com\/intl\/es\/policies\/technologies\/types\/\" target=\"_blank\" rel=\"noopener\">tipo de cookies utilizan<\/a>.<\/p><ul><li><strong>WordPress:<\/strong>\u00a0https:\/\/raulviera.com es usuaria de\u00a0la plataforma de suministro y alojamiento de blogs\u00a0WordPress, propiedad de la empresa norteamericana Automattic, Inc. A tales efectos, el uso de tales cookies por los sistemas no nunca est\u00e1n bajo control o gesti\u00f3n de la responsable de la web, pueden cambiar su funci\u00f3n en cualquier momento, y entrar cookies nuevas.<\/li><\/ul><p>Estas cookies tampoco reportan al responsable de este web beneficio alguno. Automattic, Inc., utiliza adem\u00e1s otras cookies con la finalidad de ayudar a identificar y rastrear a los visitantes de los sitios de WordPress, conocer el uso que hacen del sitio web de Automattic, as\u00ed como sus preferencias de acceso al mismo, tal y como se recoge en el apartado \u201cCookies\u201d de su\u00a0pol\u00edtica de privacidad.<\/p><h2><strong>3.Desactivacio\u0301n y eliminacio\u0301n de cookies<\/strong><\/h2><div class=\"page\" title=\"Page 3\"><div class=\"layoutArea\"><div class=\"column\"><p>Tienes la opcio\u0301n de permitir, bloquear o eliminar las cookies instaladas en tu equipo mediante la configuracio\u0301n de las opciones del navegador instalado en su equipo. Al desactivar cookies, algunos de los servicios disponibles podri\u0301an dejar de estar operativos. La forma de deshabilitar las cookies es diferente para cada navegador, pero normalmente puede hacerse desde el menu\u0301 Herramientas u Opciones. Tambie\u0301n puede consultarse el menu\u0301 de Ayuda del navegador do\u0301nde puedes encontrar instrucciones. El usuario podra\u0301 en cualquier momento elegir que\u0301 cookies quiere que funcionen en este sitio web.<\/p><p>Puede usted permitir, bloquear o eliminar las cookies instaladas en su equipo mediante la configuracio\u0301n de las opciones del navegador instalado en su ordenador:<\/p><ul><li>Microsoft Internet Explorer o Microsoft Edge: http:\/\/windows.microsoft.com\/es-es\/windows-vista\/Block-or-allow-cookies<\/li><li>Mozilla Firefox: http:\/\/support.mozilla.org\/es\/kb\/impedir-que-los-sitios-web-guarden-sus-preferencia<\/li><li>Chrome: https:\/\/support.google.com\/accounts\/answer\/61416?hl=es<\/li><li>Safari: http:\/\/safari.helpmax.net\/es\/privacidad-y-seguridad\/como-gestionar-las-cookies\/<\/li><li>Opera: http:\/\/help.opera.com\/Linux\/10.60\/es-ES\/cookies.html<\/li><\/ul><p>Adema\u0301s, tambie\u0301n puede gestionar el almace\u0301n de cookies en su navegador a trave\u0301s de herramientas como las siguientes<\/p><\/div><\/div><\/div><div class=\"page\" title=\"Page 4\"><div class=\"layoutArea\"><div class=\"column\"><ul><li>Ghostery: www.ghostery.com\/<\/li><li>Your online choices: www.youronlinechoices.com\/es\/<\/li><\/ul><\/div><\/div><\/div><p>Tambi\u00e9n se ponen a prueba regularmente nuevos dise\u00f1os o servicios de terceros para recomendaciones e informes.<\/p><h2><strong>4.Aceptacio\u0301n de la Poli\u0301tica de cookies<\/strong><\/h2><div class=\"page\" title=\"Page 4\"><div class=\"layoutArea\"><div class=\"column\"><p>https:\/\/raulviera.com\u00a0asume que usted acepta el uso de cookies. No obstante, muestra informacio\u0301n sobre su Poli\u0301tica de cookies en la parte inferior o superior de cualquier pa\u0301gina del portal con cada inicio de sesio\u0301n con el objeto de que usted sea consciente.<\/p><p>Ante esta informacio\u0301n es posible llevar a cabo las siguientes acciones:<\/p><ul><li>Aceptar cookies. No se volvera\u0301 a visualizar este aviso al acceder a cualquier pa\u0301gina del portal durante la presente sesio\u0301n.<\/li><li>Cerrar. Se oculta el aviso en la presente pa\u0301gina.<\/li><li>Modificar su configuracio\u0301n. Podra\u0301 obtener ma\u0301s informacio\u0301n sobre que\u0301 son las cookies, conocer la Poli\u0301tica de cookies de https:\/\/raulviera.com y modificar la configuracio\u0301n de su navegador.<\/li><\/ul><\/div><\/div><\/div>\t\t\t\t\t\t\t\t<\/div>\n\t\t\t\t<\/div>\n\t\t\t\t\t<\/div>\n\t\t<\/div>\n\t\t\t\t\t<\/div>\n\t\t<\/section>\n\t\t\t\t<\/div>","protected":false},"excerpt":{"rendered":"<p>Pol\u00edtica de cookies La LSSI-CE, obliga a todos los que tengan un blog o una web a advertir al usuario de la\u00a0existencia de cookies, informar sobre ellas y requerirle permiso para descargarlas.\u00a0No siempre es posible contar con informaci\u00f3n actualizada de las cookies que terceras partes pueda utilizar a trav\u00e9s de este sitio web.Por consiguiente, en [&hellip;]<\/p>\n","protected":false},"author":1,"featured_media":0,"parent":0,"menu_order":0,"comment_status":"closed","ping_status":"closed","template":"","meta":{"site-sidebar-layout":"no-sidebar","site-content-layout":"page-builder","ast-site-content-layout":"","site-content-style":"default","site-sidebar-style":"default","ast-global-header-display":"","ast-banner-title-visibility":"","ast-main-header-display":"","ast-hfb-above-header-display":"","ast-hfb-below-header-display":"","ast-hfb-mobile-header-display":"","site-post-title":"disabled","ast-breadcrumbs-content":"","ast-featured-img":"disabled","footer-sml-layout":"","theme-transparent-header-meta":"default","adv-header-id-meta":"","stick-header-meta":"","header-above-stick-meta":"","header-main-stick-meta":"","header-below-stick-meta":"","astra-migrate-meta-layouts":"default","ast-page-background-enabled":"default","ast-page-background-meta":{"desktop":{"background-color":"","background-image":"","background-repeat":"repeat","background-position":"center center","background-size":"auto","background-attachment":"scroll","background-type":"","background-media":"","overlay-type":"","overlay-color":"","overlay-opacity":"","overlay-gradient":""},"tablet":{"background-color":"","background-image":"","background-repeat":"repeat","background-position":"center center","background-size":"auto","background-attachment":"scroll","background-type":"","background-media":"","overlay-type":"","overlay-color":"","overlay-opacity":"","overlay-gradient":""},"mobile":{"background-color":"","background-image":"","background-repeat":"repeat","background-position":"center center","background-size":"auto","background-attachment":"scroll","background-type":"","background-media":"","overlay-type":"","overlay-color":"","overlay-opacity":"","overlay-gradient":""}},"ast-content-background-meta":{"desktop":{"background-color":"var(--ast-global-color-5)","background-image":"","background-repeat":"repeat","background-position":"center center","background-size":"auto","background-attachment":"scroll","background-type":"","background-media":"","overlay-type":"","overlay-color":"","overlay-opacity":"","overlay-gradient":""},"tablet":{"background-color":"var(--ast-global-color-5)","background-image":"","background-repeat":"repeat","background-position":"center center","background-size":"auto","background-attachment":"scroll","background-type":"","background-media":"","overlay-type":"","overlay-color":"","overlay-opacity":"","overlay-gradient":""},"mobile":{"background-color":"var(--ast-global-color-5)","background-image":"","background-repeat":"repeat","background-position":"center center","background-size":"auto","background-attachment":"scroll","background-type":"","background-media":"","overlay-type":"","overlay-color":"","overlay-opacity":"","overlay-gradient":""}},"footnotes":""},"class_list":["post-550","page","type-page","status-publish","hentry"],"yoast_head":"<!-- This site is optimized with the Yoast SEO plugin v27.4 - https:\/\/yoast.com\/product\/yoast-seo-wordpress\/ -->\n<title>Pol\u00edtica de cookies - Raul Viera<\/title>\n<meta name=\"robots\" content=\"index, follow, max-snippet:-1, max-image-preview:large, max-video-preview:-1\" \/>\n<link rel=\"canonical\" href=\"https:\/\/www.raulviera.com\/en\/politica-de-cookies\/\" \/>\n<meta property=\"og:locale\" content=\"en_GB\" \/>\n<meta property=\"og:type\" content=\"article\" \/>\n<meta property=\"og:title\" content=\"Pol\u00edtica de cookies - Raul Viera\" \/>\n<meta property=\"og:description\" content=\"Pol\u00edtica de cookies La LSSI-CE, obliga a todos los que tengan un blog o una web a advertir al usuario de la\u00a0existencia de cookies, informar sobre ellas y requerirle permiso para descargarlas.\u00a0No siempre es posible contar con informaci\u00f3n actualizada de las cookies que terceras partes pueda utilizar a trav\u00e9s de este sitio web.Por consiguiente, en [&hellip;]\" \/>\n<meta property=\"og:url\" content=\"https:\/\/www.raulviera.com\/en\/politica-de-cookies\/\" \/>\n<meta property=\"og:site_name\" content=\"Raul Viera\" \/>\n<meta property=\"article:modified_time\" content=\"2020-04-04T18:32:21+00:00\" \/>\n<meta name=\"twitter:card\" content=\"summary_large_image\" \/>\n<meta name=\"twitter:label1\" content=\"Estimated reading time\" \/>\n\t<meta name=\"twitter:data1\" content=\"7 minutes\" \/>\n<script type=\"application\/ld+json\" class=\"yoast-schema-graph\">{\"@context\":\"https:\\\/\\\/schema.org\",\"@graph\":[{\"@type\":\"WebPage\",\"@id\":\"https:\\\/\\\/www.raulviera.com\\\/en\\\/politica-de-cookies\\\/\",\"url\":\"https:\\\/\\\/www.raulviera.com\\\/en\\\/politica-de-cookies\\\/\",\"name\":\"Pol\u00edtica de cookies - Raul Viera\",\"isPartOf\":{\"@id\":\"https:\\\/\\\/www.raulviera.com\\\/#website\"},\"datePublished\":\"2020-04-01T10:36:17+00:00\",\"dateModified\":\"2020-04-04T18:32:21+00:00\",\"breadcrumb\":{\"@id\":\"https:\\\/\\\/www.raulviera.com\\\/en\\\/politica-de-cookies\\\/#breadcrumb\"},\"inLanguage\":\"en-GB\",\"potentialAction\":[{\"@type\":\"ReadAction\",\"target\":[\"https:\\\/\\\/www.raulviera.com\\\/en\\\/politica-de-cookies\\\/\"]}]},{\"@type\":\"BreadcrumbList\",\"@id\":\"https:\\\/\\\/www.raulviera.com\\\/en\\\/politica-de-cookies\\\/#breadcrumb\",\"itemListElement\":[{\"@type\":\"ListItem\",\"position\":1,\"name\":\"Portada\",\"item\":\"https:\\\/\\\/www.raulviera.com\\\/\"},{\"@type\":\"ListItem\",\"position\":2,\"name\":\"Pol\u00edtica de cookies\"}]},{\"@type\":\"WebSite\",\"@id\":\"https:\\\/\\\/www.raulviera.com\\\/#website\",\"url\":\"https:\\\/\\\/www.raulviera.com\\\/\",\"name\":\"Raul Viera\",\"description\":\"\",\"publisher\":{\"@id\":\"https:\\\/\\\/www.raulviera.com\\\/#\\\/schema\\\/person\\\/c4fba64c48303f2c6c1defe22a68311e\"},\"potentialAction\":[{\"@type\":\"SearchAction\",\"target\":{\"@type\":\"EntryPoint\",\"urlTemplate\":\"https:\\\/\\\/www.raulviera.com\\\/?s={search_term_string}\"},\"query-input\":{\"@type\":\"PropertyValueSpecification\",\"valueRequired\":true,\"valueName\":\"search_term_string\"}}],\"inLanguage\":\"en-GB\"},{\"@type\":[\"Person\",\"Organization\"],\"@id\":\"https:\\\/\\\/www.raulviera.com\\\/#\\\/schema\\\/person\\\/c4fba64c48303f2c6c1defe22a68311e\",\"name\":\"raulviera\",\"logo\":{\"@id\":\"https:\\\/\\\/www.raulviera.com\\\/#\\\/schema\\\/person\\\/image\\\/\"}}]}<\/script>\n<!-- \/ Yoast SEO plugin. -->","yoast_head_json":{"title":"Pol\u00edtica de cookies - Raul Viera","robots":{"index":"index","follow":"follow","max-snippet":"max-snippet:-1","max-image-preview":"max-image-preview:large","max-video-preview":"max-video-preview:-1"},"canonical":"https:\/\/www.raulviera.com\/en\/politica-de-cookies\/","og_locale":"en_GB","og_type":"article","og_title":"Pol\u00edtica de cookies - Raul Viera","og_description":"Pol\u00edtica de cookies La LSSI-CE, obliga a todos los que tengan un blog o una web a advertir al usuario de la\u00a0existencia de cookies, informar sobre ellas y requerirle permiso para descargarlas.\u00a0No siempre es posible contar con informaci\u00f3n actualizada de las cookies que terceras partes pueda utilizar a trav\u00e9s de este sitio web.Por consiguiente, en [&hellip;]","og_url":"https:\/\/www.raulviera.com\/en\/politica-de-cookies\/","og_site_name":"Raul Viera","article_modified_time":"2020-04-04T18:32:21+00:00","twitter_card":"summary_large_image","twitter_misc":{"Estimated reading time":"7 minutes"},"schema":{"@context":"https:\/\/schema.org","@graph":[{"@type":"WebPage","@id":"https:\/\/www.raulviera.com\/en\/politica-de-cookies\/","url":"https:\/\/www.raulviera.com\/en\/politica-de-cookies\/","name":"Pol\u00edtica de cookies - Raul Viera","isPartOf":{"@id":"https:\/\/www.raulviera.com\/#website"},"datePublished":"2020-04-01T10:36:17+00:00","dateModified":"2020-04-04T18:32:21+00:00","breadcrumb":{"@id":"https:\/\/www.raulviera.com\/en\/politica-de-cookies\/#breadcrumb"},"inLanguage":"en-GB","potentialAction":[{"@type":"ReadAction","target":["https:\/\/www.raulviera.com\/en\/politica-de-cookies\/"]}]},{"@type":"BreadcrumbList","@id":"https:\/\/www.raulviera.com\/en\/politica-de-cookies\/#breadcrumb","itemListElement":[{"@type":"ListItem","position":1,"name":"Portada","item":"https:\/\/www.raulviera.com\/"},{"@type":"ListItem","position":2,"name":"Pol\u00edtica de cookies"}]},{"@type":"WebSite","@id":"https:\/\/www.raulviera.com\/#website","url":"https:\/\/www.raulviera.com\/","name":"Raul Viera","description":"","publisher":{"@id":"https:\/\/www.raulviera.com\/#\/schema\/person\/c4fba64c48303f2c6c1defe22a68311e"},"potentialAction":[{"@type":"SearchAction","target":{"@type":"EntryPoint","urlTemplate":"https:\/\/www.raulviera.com\/?s={search_term_string}"},"query-input":{"@type":"PropertyValueSpecification","valueRequired":true,"valueName":"search_term_string"}}],"inLanguage":"en-GB"},{"@type":["Person","Organization"],"@id":"https:\/\/www.raulviera.com\/#\/schema\/person\/c4fba64c48303f2c6c1defe22a68311e","name":"raulviera","logo":{"@id":"https:\/\/www.raulviera.com\/#\/schema\/person\/image\/"}}]}},"amp_enabled":true,"_links":{"self":[{"href":"https:\/\/www.raulviera.com\/en\/wp-json\/wp\/v2\/pages\/550","targetHints":{"allow":["GET"]}}],"collection":[{"href":"https:\/\/www.raulviera.com\/en\/wp-json\/wp\/v2\/pages"}],"about":[{"href":"https:\/\/www.raulviera.com\/en\/wp-json\/wp\/v2\/types\/page"}],"author":[{"embeddable":true,"href":"https:\/\/www.raulviera.com\/en\/wp-json\/wp\/v2\/users\/1"}],"replies":[{"embeddable":true,"href":"https:\/\/www.raulviera.com\/en\/wp-json\/wp\/v2\/comments?post=550"}],"version-history":[{"count":8,"href":"https:\/\/www.raulviera.com\/en\/wp-json\/wp\/v2\/pages\/550\/revisions"}],"predecessor-version":[{"id":671,"href":"https:\/\/www.raulviera.com\/en\/wp-json\/wp\/v2\/pages\/550\/revisions\/671"}],"wp:attachment":[{"href":"https:\/\/www.raulviera.com\/en\/wp-json\/wp\/v2\/media?parent=550"}],"curies":[{"name":"wp","href":"https:\/\/api.w.org\/{rel}","templated":true}]}}