{"id":189,"date":"2020-03-20T18:28:31","date_gmt":"2020-03-20T17:28:31","guid":{"rendered":"http:\/\/www.raulviera.com\/?page_id=189"},"modified":"2020-04-07T17:44:12","modified_gmt":"2020-04-07T16:44:12","slug":"biografia","status":"publish","type":"page","link":"https:\/\/www.raulviera.com\/en\/biografia\/","title":{"rendered":"Bio"},"content":{"rendered":"<div data-elementor-type=\"wp-page\" data-elementor-id=\"189\" class=\"elementor elementor-189\">\n\t\t\t\t\t\t<section class=\"elementor-section elementor-top-section elementor-element elementor-element-e272a72 elementor-section-boxed elementor-section-height-default elementor-section-height-default\" data-id=\"e272a72\" data-element_type=\"section\" data-e-type=\"section\">\n\t\t\t\t\t\t<div class=\"elementor-container elementor-column-gap-default\">\n\t\t\t\t\t<div class=\"elementor-column elementor-col-100 elementor-top-column elementor-element elementor-element-3321e5d\" data-id=\"3321e5d\" data-element_type=\"column\" data-e-type=\"column\">\n\t\t\t<div class=\"elementor-widget-wrap elementor-element-populated\">\n\t\t\t\t\t\t<div class=\"elementor-element elementor-element-c1faea8 elementor-widget elementor-widget-spacer\" data-id=\"c1faea8\" data-element_type=\"widget\" data-e-type=\"widget\" data-widget_type=\"spacer.default\">\n\t\t\t\t<div class=\"elementor-widget-container\">\n\t\t\t\t\t\t\t<div class=\"elementor-spacer\">\n\t\t\t<div class=\"elementor-spacer-inner\"><\/div>\n\t\t<\/div>\n\t\t\t\t\t\t<\/div>\n\t\t\t\t<\/div>\n\t\t\t\t\t<\/div>\n\t\t<\/div>\n\t\t\t\t\t<\/div>\n\t\t<\/section>\n\t\t\t\t<section class=\"elementor-section elementor-top-section elementor-element elementor-element-9aad47f elementor-section-boxed elementor-section-height-default elementor-section-height-default\" data-id=\"9aad47f\" data-element_type=\"section\" data-e-type=\"section\">\n\t\t\t\t\t\t<div class=\"elementor-container elementor-column-gap-default\">\n\t\t\t\t\t<div class=\"elementor-column elementor-col-100 elementor-top-column elementor-element elementor-element-c716b3b\" data-id=\"c716b3b\" data-element_type=\"column\" data-e-type=\"column\">\n\t\t\t<div class=\"elementor-widget-wrap elementor-element-populated\">\n\t\t\t\t\t\t<div class=\"elementor-element elementor-element-2a6fb60 elementor-widget elementor-widget-heading\" data-id=\"2a6fb60\" data-element_type=\"widget\" data-e-type=\"widget\" data-widget_type=\"heading.default\">\n\t\t\t\t<div class=\"elementor-widget-container\">\n\t\t\t\t\t<h2 class=\"elementor-heading-title elementor-size-xxl\">Bio<\/h2>\t\t\t\t<\/div>\n\t\t\t\t<\/div>\n\t\t\t\t\t<\/div>\n\t\t<\/div>\n\t\t\t\t\t<\/div>\n\t\t<\/section>\n\t\t\t\t<section class=\"elementor-section elementor-top-section elementor-element elementor-element-3852dff elementor-section-boxed elementor-section-height-default elementor-section-height-default\" data-id=\"3852dff\" data-element_type=\"section\" data-e-type=\"section\">\n\t\t\t\t\t\t<div class=\"elementor-container elementor-column-gap-default\">\n\t\t\t\t\t<div class=\"elementor-column elementor-col-100 elementor-top-column elementor-element elementor-element-af69654\" data-id=\"af69654\" data-element_type=\"column\" data-e-type=\"column\">\n\t\t\t<div class=\"elementor-widget-wrap elementor-element-populated\">\n\t\t\t\t\t\t<div class=\"elementor-element elementor-element-40c1c3c elementor-widget elementor-widget-spacer\" data-id=\"40c1c3c\" data-element_type=\"widget\" data-e-type=\"widget\" data-widget_type=\"spacer.default\">\n\t\t\t\t<div class=\"elementor-widget-container\">\n\t\t\t\t\t\t\t<div class=\"elementor-spacer\">\n\t\t\t<div class=\"elementor-spacer-inner\"><\/div>\n\t\t<\/div>\n\t\t\t\t\t\t<\/div>\n\t\t\t\t<\/div>\n\t\t\t\t\t<\/div>\n\t\t<\/div>\n\t\t\t\t\t<\/div>\n\t\t<\/section>\n\t\t\t\t<section class=\"elementor-section elementor-top-section elementor-element elementor-element-848fbc5 elementor-section-content-middle elementor-section-height-min-height elementor-section-boxed elementor-section-height-default elementor-section-items-middle\" data-id=\"848fbc5\" data-element_type=\"section\" data-e-type=\"section\">\n\t\t\t\t\t\t<div class=\"elementor-container elementor-column-gap-default\">\n\t\t\t\t\t<div class=\"elementor-column elementor-col-50 elementor-top-column elementor-element elementor-element-d65f3c7\" data-id=\"d65f3c7\" data-element_type=\"column\" data-e-type=\"column\">\n\t\t\t<div class=\"elementor-widget-wrap elementor-element-populated\">\n\t\t\t\t\t\t<div class=\"elementor-element elementor-element-6bae4a0 elementor-widget elementor-widget-image\" data-id=\"6bae4a0\" data-element_type=\"widget\" data-e-type=\"widget\" data-widget_type=\"image.default\">\n\t\t\t\t<div class=\"elementor-widget-container\">\n\t\t\t\t\t\t\t\t\t\t\t\t\t\t\t<img fetchpriority=\"high\" decoding=\"async\" width=\"768\" height=\"816\" src=\"https:\/\/www.raulviera.com\/wp-content\/uploads\/2020\/03\/background-world3-e1585311919492-768x816.jpg\" class=\"attachment-medium_large size-medium_large wp-image-379\" alt=\"Gaia. Ilustraci\u00f3n en acuarela y tratada digitalmente perteneciente a la colecci\u00f3n Gaia, serie de ilustraciones representando distintos pa\u00edses del mundo\" srcset=\"https:\/\/www.raulviera.com\/wp-content\/uploads\/2020\/03\/background-world3-e1585311919492-768x816.jpg 768w, https:\/\/www.raulviera.com\/wp-content\/uploads\/2020\/03\/background-world3-e1585311919492-282x300.jpg 282w, https:\/\/www.raulviera.com\/wp-content\/uploads\/2020\/03\/background-world3-e1585311919492-964x1024.jpg 964w, https:\/\/www.raulviera.com\/wp-content\/uploads\/2020\/03\/background-world3-e1585311919492.jpg 1106w\" sizes=\"(max-width: 768px) 100vw, 768px\" \/>\t\t\t\t\t\t\t\t\t\t\t\t\t\t\t<\/div>\n\t\t\t\t<\/div>\n\t\t\t\t\t<\/div>\n\t\t<\/div>\n\t\t\t\t<div class=\"elementor-column elementor-col-50 elementor-top-column elementor-element elementor-element-85e655c\" data-id=\"85e655c\" data-element_type=\"column\" data-e-type=\"column\">\n\t\t\t<div class=\"elementor-widget-wrap elementor-element-populated\">\n\t\t\t\t\t\t<div class=\"elementor-element elementor-element-124f24d elementor-widget elementor-widget-text-editor\" data-id=\"124f24d\" data-element_type=\"widget\" data-e-type=\"widget\" data-widget_type=\"text-editor.default\">\n\t\t\t\t<div class=\"elementor-widget-container\">\n\t\t\t\t\t\t\t\t\t<p>I am a painter born in C\u00e1diz, raised in Benidorm and based in Barcelona. The combination of colors and shapes creating new concepts and dreamlike spaces in my works is based on a solid background in the field of design and fashion illustration.<\/p><p>My work is developed based on a deep study of history and the consequent abstraction of its essential ideas. My collections are literary works and each work is a story where the viewer becomes the sole protagonist.<\/p><p>The textures are very present in all my work, built with different means in order to get the message to the viewer and let him develop his own concept...<\/p><p>Chronologically speaking, works of art have no owner, they survive their owners and, with each one of them, their meaning and concept varies, witnessing the passage of time. With this we should have them as silent companions, since they are the ones who will keep our vision of the world and its beauty to be transmitted to the following travel companions.<\/p>\t\t\t\t\t\t\t\t<\/div>\n\t\t\t\t<\/div>\n\t\t\t\t\t<\/div>\n\t\t<\/div>\n\t\t\t\t\t<\/div>\n\t\t<\/section>\n\t\t\t\t<\/div>","protected":false},"excerpt":{"rendered":"<p>Bio Soy un pintor nacido en C\u00e1diz, criado en Benidorm y afincado en Barcelona. La combinaci\u00f3n de colores y formas creando nuevos conceptos y espacios on\u00edricos en mis obras viene basada por un s\u00f3lido background en el campo del dise\u00f1o y la ilustraci\u00f3n de moda. Mi trabajo se desarrolla en base a un profundo estudio [&hellip;]<\/p>\n","protected":false},"author":1,"featured_media":0,"parent":0,"menu_order":0,"comment_status":"closed","ping_status":"closed","template":"","meta":{"site-sidebar-layout":"no-sidebar","site-content-layout":"page-builder","ast-site-content-layout":"","site-content-style":"default","site-sidebar-style":"default","ast-global-header-display":"","ast-banner-title-visibility":"","ast-main-header-display":"","ast-hfb-above-header-display":"","ast-hfb-below-header-display":"","ast-hfb-mobile-header-display":"","site-post-title":"disabled","ast-breadcrumbs-content":"","ast-featured-img":"disabled","footer-sml-layout":"","theme-transparent-header-meta":"default","adv-header-id-meta":"","stick-header-meta":"","header-above-stick-meta":"","header-main-stick-meta":"","header-below-stick-meta":"","astra-migrate-meta-layouts":"default","ast-page-background-enabled":"default","ast-page-background-meta":{"desktop":{"background-color":"","background-image":"","background-repeat":"repeat","background-position":"center center","background-size":"auto","background-attachment":"scroll","background-type":"","background-media":"","overlay-type":"","overlay-color":"","overlay-opacity":"","overlay-gradient":""},"tablet":{"background-color":"","background-image":"","background-repeat":"repeat","background-position":"center center","background-size":"auto","background-attachment":"scroll","background-type":"","background-media":"","overlay-type":"","overlay-color":"","overlay-opacity":"","overlay-gradient":""},"mobile":{"background-color":"","background-image":"","background-repeat":"repeat","background-position":"center center","background-size":"auto","background-attachment":"scroll","background-type":"","background-media":"","overlay-type":"","overlay-color":"","overlay-opacity":"","overlay-gradient":""}},"ast-content-background-meta":{"desktop":{"background-color":"var(--ast-global-color-5)","background-image":"","background-repeat":"repeat","background-position":"center center","background-size":"auto","background-attachment":"scroll","background-type":"","background-media":"","overlay-type":"","overlay-color":"","overlay-opacity":"","overlay-gradient":""},"tablet":{"background-color":"var(--ast-global-color-5)","background-image":"","background-repeat":"repeat","background-position":"center center","background-size":"auto","background-attachment":"scroll","background-type":"","background-media":"","overlay-type":"","overlay-color":"","overlay-opacity":"","overlay-gradient":""},"mobile":{"background-color":"var(--ast-global-color-5)","background-image":"","background-repeat":"repeat","background-position":"center center","background-size":"auto","background-attachment":"scroll","background-type":"","background-media":"","overlay-type":"","overlay-color":"","overlay-opacity":"","overlay-gradient":""}},"footnotes":""},"class_list":["post-189","page","type-page","status-publish","hentry"],"yoast_head":"<!-- This site is optimized with the Yoast SEO plugin v27.4 - https:\/\/yoast.com\/product\/yoast-seo-wordpress\/ -->\n<title>Bio - Raul Viera biograf\u00eda de historia de Raul Viera<\/title>\n<meta name=\"description\" content=\"Biograf\u00eda e historia de Raul Viera. Aqu\u00ed se puede ver un poco la biograf\u00eda y las inspiraciones de donde el pintor se basa a la hora de crear su obra\" \/>\n<meta name=\"robots\" content=\"index, follow, max-snippet:-1, max-image-preview:large, max-video-preview:-1\" \/>\n<link rel=\"canonical\" href=\"https:\/\/www.raulviera.com\/en\/biografia\/\" \/>\n<meta property=\"og:locale\" content=\"en_GB\" \/>\n<meta property=\"og:type\" content=\"article\" \/>\n<meta property=\"og:title\" content=\"Bio - Raul Viera biograf\u00eda de historia de Raul Viera\" \/>\n<meta property=\"og:description\" content=\"Biograf\u00eda e historia de Raul Viera. Aqu\u00ed se puede ver un poco la biograf\u00eda y las inspiraciones de donde el pintor se basa a la hora de crear su obra\" \/>\n<meta property=\"og:url\" content=\"https:\/\/www.raulviera.com\/en\/biografia\/\" \/>\n<meta property=\"og:site_name\" content=\"Raul Viera\" \/>\n<meta property=\"article:modified_time\" content=\"2020-04-07T16:44:12+00:00\" \/>\n<meta property=\"og:image\" content=\"http:\/\/www.raulviera.com\/wp-content\/uploads\/2020\/03\/background-world3-e1585311919492-768x816.jpg\" \/>\n<meta name=\"twitter:card\" content=\"summary_large_image\" \/>\n<meta name=\"twitter:label1\" content=\"Estimated reading time\" \/>\n\t<meta name=\"twitter:data1\" content=\"1 minute\" \/>\n<script type=\"application\/ld+json\" class=\"yoast-schema-graph\">{\"@context\":\"https:\\\/\\\/schema.org\",\"@graph\":[{\"@type\":\"WebPage\",\"@id\":\"https:\\\/\\\/www.raulviera.com\\\/biografia\\\/\",\"url\":\"https:\\\/\\\/www.raulviera.com\\\/biografia\\\/\",\"name\":\"Bio - Raul Viera biograf\u00eda de historia de Raul Viera\",\"isPartOf\":{\"@id\":\"https:\\\/\\\/www.raulviera.com\\\/#website\"},\"primaryImageOfPage\":{\"@id\":\"https:\\\/\\\/www.raulviera.com\\\/biografia\\\/#primaryimage\"},\"image\":{\"@id\":\"https:\\\/\\\/www.raulviera.com\\\/biografia\\\/#primaryimage\"},\"thumbnailUrl\":\"http:\\\/\\\/www.raulviera.com\\\/wp-content\\\/uploads\\\/2020\\\/03\\\/background-world3-e1585311919492-768x816.jpg\",\"datePublished\":\"2020-03-20T17:28:31+00:00\",\"dateModified\":\"2020-04-07T16:44:12+00:00\",\"description\":\"Biograf\u00eda e historia de Raul Viera. Aqu\u00ed se puede ver un poco la biograf\u00eda y las inspiraciones de donde el pintor se basa a la hora de crear su obra\",\"breadcrumb\":{\"@id\":\"https:\\\/\\\/www.raulviera.com\\\/biografia\\\/#breadcrumb\"},\"inLanguage\":\"en-GB\",\"potentialAction\":[{\"@type\":\"ReadAction\",\"target\":[\"https:\\\/\\\/www.raulviera.com\\\/biografia\\\/\"]}]},{\"@type\":\"ImageObject\",\"inLanguage\":\"en-GB\",\"@id\":\"https:\\\/\\\/www.raulviera.com\\\/biografia\\\/#primaryimage\",\"url\":\"http:\\\/\\\/www.raulviera.com\\\/wp-content\\\/uploads\\\/2020\\\/03\\\/background-world3-e1585311919492-768x816.jpg\",\"contentUrl\":\"http:\\\/\\\/www.raulviera.com\\\/wp-content\\\/uploads\\\/2020\\\/03\\\/background-world3-e1585311919492-768x816.jpg\"},{\"@type\":\"BreadcrumbList\",\"@id\":\"https:\\\/\\\/www.raulviera.com\\\/biografia\\\/#breadcrumb\",\"itemListElement\":[{\"@type\":\"ListItem\",\"position\":1,\"name\":\"Portada\",\"item\":\"https:\\\/\\\/www.raulviera.com\\\/\"},{\"@type\":\"ListItem\",\"position\":2,\"name\":\"Bio\"}]},{\"@type\":\"WebSite\",\"@id\":\"https:\\\/\\\/www.raulviera.com\\\/#website\",\"url\":\"https:\\\/\\\/www.raulviera.com\\\/\",\"name\":\"Raul Viera\",\"description\":\"\",\"publisher\":{\"@id\":\"https:\\\/\\\/www.raulviera.com\\\/#\\\/schema\\\/person\\\/c4fba64c48303f2c6c1defe22a68311e\"},\"potentialAction\":[{\"@type\":\"SearchAction\",\"target\":{\"@type\":\"EntryPoint\",\"urlTemplate\":\"https:\\\/\\\/www.raulviera.com\\\/?s={search_term_string}\"},\"query-input\":{\"@type\":\"PropertyValueSpecification\",\"valueRequired\":true,\"valueName\":\"search_term_string\"}}],\"inLanguage\":\"en-GB\"},{\"@type\":[\"Person\",\"Organization\"],\"@id\":\"https:\\\/\\\/www.raulviera.com\\\/#\\\/schema\\\/person\\\/c4fba64c48303f2c6c1defe22a68311e\",\"name\":\"raulviera\",\"logo\":{\"@id\":\"https:\\\/\\\/www.raulviera.com\\\/#\\\/schema\\\/person\\\/image\\\/\"}}]}<\/script>\n<!-- \/ Yoast SEO plugin. -->","yoast_head_json":{"title":"Bio - Raul Viera biograf\u00eda de historia de Raul Viera","description":"Biograf\u00eda e historia de Raul Viera. Aqu\u00ed se puede ver un poco la biograf\u00eda y las inspiraciones de donde el pintor se basa a la hora de crear su obra","robots":{"index":"index","follow":"follow","max-snippet":"max-snippet:-1","max-image-preview":"max-image-preview:large","max-video-preview":"max-video-preview:-1"},"canonical":"https:\/\/www.raulviera.com\/en\/biografia\/","og_locale":"en_GB","og_type":"article","og_title":"Bio - Raul Viera biograf\u00eda de historia de Raul Viera","og_description":"Biograf\u00eda e historia de Raul Viera. Aqu\u00ed se puede ver un poco la biograf\u00eda y las inspiraciones de donde el pintor se basa a la hora de crear su obra","og_url":"https:\/\/www.raulviera.com\/en\/biografia\/","og_site_name":"Raul Viera","article_modified_time":"2020-04-07T16:44:12+00:00","og_image":[{"url":"http:\/\/www.raulviera.com\/wp-content\/uploads\/2020\/03\/background-world3-e1585311919492-768x816.jpg","type":"","width":"","height":""}],"twitter_card":"summary_large_image","twitter_misc":{"Estimated reading time":"1 minute"},"schema":{"@context":"https:\/\/schema.org","@graph":[{"@type":"WebPage","@id":"https:\/\/www.raulviera.com\/biografia\/","url":"https:\/\/www.raulviera.com\/biografia\/","name":"Bio - Raul Viera biograf\u00eda de historia de Raul Viera","isPartOf":{"@id":"https:\/\/www.raulviera.com\/#website"},"primaryImageOfPage":{"@id":"https:\/\/www.raulviera.com\/biografia\/#primaryimage"},"image":{"@id":"https:\/\/www.raulviera.com\/biografia\/#primaryimage"},"thumbnailUrl":"http:\/\/www.raulviera.com\/wp-content\/uploads\/2020\/03\/background-world3-e1585311919492-768x816.jpg","datePublished":"2020-03-20T17:28:31+00:00","dateModified":"2020-04-07T16:44:12+00:00","description":"Biograf\u00eda e historia de Raul Viera. Aqu\u00ed se puede ver un poco la biograf\u00eda y las inspiraciones de donde el pintor se basa a la hora de crear su obra","breadcrumb":{"@id":"https:\/\/www.raulviera.com\/biografia\/#breadcrumb"},"inLanguage":"en-GB","potentialAction":[{"@type":"ReadAction","target":["https:\/\/www.raulviera.com\/biografia\/"]}]},{"@type":"ImageObject","inLanguage":"en-GB","@id":"https:\/\/www.raulviera.com\/biografia\/#primaryimage","url":"http:\/\/www.raulviera.com\/wp-content\/uploads\/2020\/03\/background-world3-e1585311919492-768x816.jpg","contentUrl":"http:\/\/www.raulviera.com\/wp-content\/uploads\/2020\/03\/background-world3-e1585311919492-768x816.jpg"},{"@type":"BreadcrumbList","@id":"https:\/\/www.raulviera.com\/biografia\/#breadcrumb","itemListElement":[{"@type":"ListItem","position":1,"name":"Portada","item":"https:\/\/www.raulviera.com\/"},{"@type":"ListItem","position":2,"name":"Bio"}]},{"@type":"WebSite","@id":"https:\/\/www.raulviera.com\/#website","url":"https:\/\/www.raulviera.com\/","name":"Raul Viera","description":"","publisher":{"@id":"https:\/\/www.raulviera.com\/#\/schema\/person\/c4fba64c48303f2c6c1defe22a68311e"},"potentialAction":[{"@type":"SearchAction","target":{"@type":"EntryPoint","urlTemplate":"https:\/\/www.raulviera.com\/?s={search_term_string}"},"query-input":{"@type":"PropertyValueSpecification","valueRequired":true,"valueName":"search_term_string"}}],"inLanguage":"en-GB"},{"@type":["Person","Organization"],"@id":"https:\/\/www.raulviera.com\/#\/schema\/person\/c4fba64c48303f2c6c1defe22a68311e","name":"raulviera","logo":{"@id":"https:\/\/www.raulviera.com\/#\/schema\/person\/image\/"}}]}},"amp_enabled":true,"_links":{"self":[{"href":"https:\/\/www.raulviera.com\/en\/wp-json\/wp\/v2\/pages\/189","targetHints":{"allow":["GET"]}}],"collection":[{"href":"https:\/\/www.raulviera.com\/en\/wp-json\/wp\/v2\/pages"}],"about":[{"href":"https:\/\/www.raulviera.com\/en\/wp-json\/wp\/v2\/types\/page"}],"author":[{"embeddable":true,"href":"https:\/\/www.raulviera.com\/en\/wp-json\/wp\/v2\/users\/1"}],"replies":[{"embeddable":true,"href":"https:\/\/www.raulviera.com\/en\/wp-json\/wp\/v2\/comments?post=189"}],"version-history":[{"count":18,"href":"https:\/\/www.raulviera.com\/en\/wp-json\/wp\/v2\/pages\/189\/revisions"}],"predecessor-version":[{"id":630,"href":"https:\/\/www.raulviera.com\/en\/wp-json\/wp\/v2\/pages\/189\/revisions\/630"}],"wp:attachment":[{"href":"https:\/\/www.raulviera.com\/en\/wp-json\/wp\/v2\/media?parent=189"}],"curies":[{"name":"wp","href":"https:\/\/api.w.org\/{rel}","templated":true}]}}