{"id":159,"date":"2020-03-20T18:24:59","date_gmt":"2020-03-20T17:24:59","guid":{"rendered":"http:\/\/www.raulviera.com\/?page_id=159"},"modified":"2020-04-15T11:21:05","modified_gmt":"2020-04-15T10:21:05","slug":"colecciones","status":"publish","type":"page","link":"https:\/\/www.raulviera.com\/en\/colecciones\/","title":{"rendered":"Series"},"content":{"rendered":"<div data-elementor-type=\"wp-page\" data-elementor-id=\"159\" class=\"elementor elementor-159\">\n\t\t\t\t\t\t<section class=\"elementor-section elementor-top-section elementor-element elementor-element-4d7f43c elementor-section-boxed elementor-section-height-default elementor-section-height-default\" data-id=\"4d7f43c\" data-element_type=\"section\" data-e-type=\"section\">\n\t\t\t\t\t\t<div class=\"elementor-container elementor-column-gap-default\">\n\t\t\t\t\t<div class=\"elementor-column elementor-col-100 elementor-top-column elementor-element elementor-element-cbfa7f1\" data-id=\"cbfa7f1\" data-element_type=\"column\" data-e-type=\"column\">\n\t\t\t<div class=\"elementor-widget-wrap elementor-element-populated\">\n\t\t\t\t\t\t<div class=\"elementor-element elementor-element-079aa97 elementor-widget elementor-widget-spacer\" data-id=\"079aa97\" data-element_type=\"widget\" data-e-type=\"widget\" data-widget_type=\"spacer.default\">\n\t\t\t\t<div class=\"elementor-widget-container\">\n\t\t\t\t\t\t\t<div class=\"elementor-spacer\">\n\t\t\t<div class=\"elementor-spacer-inner\"><\/div>\n\t\t<\/div>\n\t\t\t\t\t\t<\/div>\n\t\t\t\t<\/div>\n\t\t\t\t\t<\/div>\n\t\t<\/div>\n\t\t\t\t\t<\/div>\n\t\t<\/section>\n\t\t\t\t<section class=\"elementor-section elementor-top-section elementor-element elementor-element-06cf75f elementor-section-boxed elementor-section-height-default elementor-section-height-default\" data-id=\"06cf75f\" data-element_type=\"section\" data-e-type=\"section\">\n\t\t\t\t\t\t<div class=\"elementor-container elementor-column-gap-default\">\n\t\t\t\t\t<div class=\"elementor-column elementor-col-100 elementor-top-column elementor-element elementor-element-53195de\" data-id=\"53195de\" data-element_type=\"column\" data-e-type=\"column\">\n\t\t\t<div class=\"elementor-widget-wrap elementor-element-populated\">\n\t\t\t\t\t\t<div class=\"elementor-element elementor-element-3a9d604 elementor-widget elementor-widget-heading\" data-id=\"3a9d604\" data-element_type=\"widget\" data-e-type=\"widget\" data-widget_type=\"heading.default\">\n\t\t\t\t<div class=\"elementor-widget-container\">\n\t\t\t\t\t<h2 class=\"elementor-heading-title elementor-size-xxl\">Series<\/h2>\t\t\t\t<\/div>\n\t\t\t\t<\/div>\n\t\t\t\t\t<\/div>\n\t\t<\/div>\n\t\t\t\t\t<\/div>\n\t\t<\/section>\n\t\t\t\t<section class=\"elementor-section elementor-top-section elementor-element elementor-element-8cd602d elementor-section-boxed elementor-section-height-default elementor-section-height-default\" data-id=\"8cd602d\" data-element_type=\"section\" data-e-type=\"section\">\n\t\t\t\t\t\t<div class=\"elementor-container elementor-column-gap-default\">\n\t\t\t\t\t<div class=\"elementor-column elementor-col-100 elementor-top-column elementor-element elementor-element-70e3fff\" data-id=\"70e3fff\" data-element_type=\"column\" data-e-type=\"column\">\n\t\t\t<div class=\"elementor-widget-wrap elementor-element-populated\">\n\t\t\t\t\t\t<div class=\"elementor-element elementor-element-927903e elementor-widget elementor-widget-spacer\" data-id=\"927903e\" data-element_type=\"widget\" data-e-type=\"widget\" data-widget_type=\"spacer.default\">\n\t\t\t\t<div class=\"elementor-widget-container\">\n\t\t\t\t\t\t\t<div class=\"elementor-spacer\">\n\t\t\t<div class=\"elementor-spacer-inner\"><\/div>\n\t\t<\/div>\n\t\t\t\t\t\t<\/div>\n\t\t\t\t<\/div>\n\t\t\t\t\t<\/div>\n\t\t<\/div>\n\t\t\t\t\t<\/div>\n\t\t<\/section>\n\t\t\t\t<section class=\"elementor-section elementor-top-section elementor-element elementor-element-fa66e74 elementor-section-height-min-height elementor-section-boxed elementor-section-height-default elementor-section-items-middle\" data-id=\"fa66e74\" data-element_type=\"section\" data-e-type=\"section\">\n\t\t\t\t\t\t<div class=\"elementor-container elementor-column-gap-narrow\">\n\t\t\t\t\t<div class=\"elementor-column elementor-col-25 elementor-top-column elementor-element elementor-element-a1012b2\" data-id=\"a1012b2\" data-element_type=\"column\" data-e-type=\"column\">\n\t\t\t<div class=\"elementor-widget-wrap elementor-element-populated\">\n\t\t\t\t\t\t<div class=\"elementor-element elementor-element-0c0b386 elementor-widget elementor-widget-image\" data-id=\"0c0b386\" data-element_type=\"widget\" data-e-type=\"widget\" data-widget_type=\"image.default\">\n\t\t\t\t<div class=\"elementor-widget-container\">\n\t\t\t\t\t\t\t\t\t\t\t\t<figure class=\"wp-caption\">\n\t\t\t\t\t\t\t\t\t\t\t<a href=\"https:\/\/www.raulviera.com\/el-rapto\/\">\n\t\t\t\t\t\t\t<img fetchpriority=\"high\" decoding=\"async\" width=\"218\" height=\"300\" src=\"https:\/\/www.raulviera.com\/wp-content\/uploads\/2020\/03\/Rapture-218x300.jpg\" class=\"elementor-animation-grow attachment-medium size-medium wp-image-306\" alt=\"El Rapto IV. Cuadro pintado al \u00f3leo sobre lienzo. Forma parte de la colecci\u00f3n El Rapto. Basado en un fragmento de La Biblia donde Dios resucita a los muertos y a los vivos dignos de El Se\u00f1or para llev\u00e1rselos con \u00c9l al cielo. \u00c9ste cuadro representa lo ca\u00f3tico del mundo motivando as\u00ed la destrucci\u00f3n del mundo.\" srcset=\"https:\/\/www.raulviera.com\/wp-content\/uploads\/2020\/03\/Rapture-218x300.jpg 218w, https:\/\/www.raulviera.com\/wp-content\/uploads\/2020\/03\/Rapture-743x1024.jpg 743w, https:\/\/www.raulviera.com\/wp-content\/uploads\/2020\/03\/Rapture-768x1058.jpg 768w, https:\/\/www.raulviera.com\/wp-content\/uploads\/2020\/03\/Rapture-1115x1536.jpg 1115w, https:\/\/www.raulviera.com\/wp-content\/uploads\/2020\/03\/Rapture-1486x2048.jpg 1486w, https:\/\/www.raulviera.com\/wp-content\/uploads\/2020\/03\/Rapture-scaled.jpg 1858w\" sizes=\"(max-width: 218px) 100vw, 218px\" \/>\t\t\t\t\t\t\t\t<\/a>\n\t\t\t\t\t\t\t\t\t\t\t<figcaption class=\"widget-image-caption wp-caption-text\">The rapture<\/figcaption>\n\t\t\t\t\t\t\t\t\t\t<\/figure>\n\t\t\t\t\t\t\t\t\t<\/div>\n\t\t\t\t<\/div>\n\t\t\t\t\t<\/div>\n\t\t<\/div>\n\t\t\t\t<div class=\"elementor-column elementor-col-25 elementor-top-column elementor-element elementor-element-bea80c1\" data-id=\"bea80c1\" data-element_type=\"column\" data-e-type=\"column\">\n\t\t\t<div class=\"elementor-widget-wrap elementor-element-populated\">\n\t\t\t\t\t\t<div class=\"elementor-element elementor-element-610a018 elementor-widget elementor-widget-image\" data-id=\"610a018\" data-element_type=\"widget\" data-e-type=\"widget\" data-widget_type=\"image.default\">\n\t\t\t\t<div class=\"elementor-widget-container\">\n\t\t\t\t\t\t\t\t\t\t\t\t<figure class=\"wp-caption\">\n\t\t\t\t\t\t\t\t\t\t\t<a href=\"http:\/\/www.raulviera.com\/una-mala-tarde\/\">\n\t\t\t\t\t\t\t<img decoding=\"async\" width=\"218\" height=\"300\" src=\"https:\/\/www.raulviera.com\/wp-content\/uploads\/2020\/03\/bad-afternoon-218x300.jpg\" class=\"elementor-animation-grow attachment-medium size-medium wp-image-304\" alt=\"Una mala tarde. 70x100 cms. Pintura al acr\u00edlico sobre lienzo. Incluido en la colecci\u00f3n Una Mala Tarde, colecci\u00f3n que refleja una conversaci\u00f3n entre una pareja que decide dejar la relaci\u00f3n. Esta pintura muestra la resoluci\u00f3n de la colecci\u00f3n, una relaci\u00f3n acabada o no, unas dudas que m\u00e1s se han ampliado que eliminado, en s\u00ed, el resumen de todo, s\u00f3lo ha sido una mala tarde.\" srcset=\"https:\/\/www.raulviera.com\/wp-content\/uploads\/2020\/03\/bad-afternoon-218x300.jpg 218w, https:\/\/www.raulviera.com\/wp-content\/uploads\/2020\/03\/bad-afternoon-743x1024.jpg 743w, https:\/\/www.raulviera.com\/wp-content\/uploads\/2020\/03\/bad-afternoon-768x1058.jpg 768w, https:\/\/www.raulviera.com\/wp-content\/uploads\/2020\/03\/bad-afternoon-1115x1536.jpg 1115w, https:\/\/www.raulviera.com\/wp-content\/uploads\/2020\/03\/bad-afternoon-1486x2048.jpg 1486w, https:\/\/www.raulviera.com\/wp-content\/uploads\/2020\/03\/bad-afternoon-scaled.jpg 1858w\" sizes=\"(max-width: 218px) 100vw, 218px\" \/>\t\t\t\t\t\t\t\t<\/a>\n\t\t\t\t\t\t\t\t\t\t\t<figcaption class=\"widget-image-caption wp-caption-text\">A bad afternoon<\/figcaption>\n\t\t\t\t\t\t\t\t\t\t<\/figure>\n\t\t\t\t\t\t\t\t\t<\/div>\n\t\t\t\t<\/div>\n\t\t\t\t\t<\/div>\n\t\t<\/div>\n\t\t\t\t<div class=\"elementor-column elementor-col-25 elementor-top-column elementor-element elementor-element-87c10a6\" data-id=\"87c10a6\" data-element_type=\"column\" data-e-type=\"column\">\n\t\t\t<div class=\"elementor-widget-wrap elementor-element-populated\">\n\t\t\t\t\t\t<div class=\"elementor-element elementor-element-a41e719 elementor-widget elementor-widget-image\" data-id=\"a41e719\" data-element_type=\"widget\" data-e-type=\"widget\" data-widget_type=\"image.default\">\n\t\t\t\t<div class=\"elementor-widget-container\">\n\t\t\t\t\t\t\t\t\t\t\t\t<figure class=\"wp-caption\">\n\t\t\t\t\t\t\t\t\t\t\t<a href=\"http:\/\/www.raulviera.com\/imperfect-kosmos-2\/\">\n\t\t\t\t\t\t\t<img decoding=\"async\" width=\"218\" height=\"300\" src=\"https:\/\/www.raulviera.com\/wp-content\/uploads\/2020\/03\/kosmos-218x300.jpg\" class=\"elementor-animation-grow attachment-medium size-medium wp-image-305\" alt=\"Cuadro en lienzo rectangular pintado con pintura acr\u00edlica y acuarela y focalizando la obra en la textura. Eclipse est\u00e1 incluido en la colecci\u00f3n Imperfect Kosmos\" srcset=\"https:\/\/www.raulviera.com\/wp-content\/uploads\/2020\/03\/kosmos-218x300.jpg 218w, https:\/\/www.raulviera.com\/wp-content\/uploads\/2020\/03\/kosmos-743x1024.jpg 743w, https:\/\/www.raulviera.com\/wp-content\/uploads\/2020\/03\/kosmos-768x1058.jpg 768w, https:\/\/www.raulviera.com\/wp-content\/uploads\/2020\/03\/kosmos-1115x1536.jpg 1115w, https:\/\/www.raulviera.com\/wp-content\/uploads\/2020\/03\/kosmos-1486x2048.jpg 1486w, https:\/\/www.raulviera.com\/wp-content\/uploads\/2020\/03\/kosmos-scaled.jpg 1858w\" sizes=\"(max-width: 218px) 100vw, 218px\" \/>\t\t\t\t\t\t\t\t<\/a>\n\t\t\t\t\t\t\t\t\t\t\t<figcaption class=\"widget-image-caption wp-caption-text\">Imperfect Kosmos<\/figcaption>\n\t\t\t\t\t\t\t\t\t\t<\/figure>\n\t\t\t\t\t\t\t\t\t<\/div>\n\t\t\t\t<\/div>\n\t\t\t\t\t<\/div>\n\t\t<\/div>\n\t\t\t\t<div class=\"elementor-column elementor-col-25 elementor-top-column elementor-element elementor-element-dd12af6\" data-id=\"dd12af6\" data-element_type=\"column\" data-e-type=\"column\">\n\t\t\t<div class=\"elementor-widget-wrap elementor-element-populated\">\n\t\t\t\t\t\t<div class=\"elementor-element elementor-element-aec5796 elementor-widget elementor-widget-image\" data-id=\"aec5796\" data-element_type=\"widget\" data-e-type=\"widget\" data-widget_type=\"image.default\">\n\t\t\t\t<div class=\"elementor-widget-container\">\n\t\t\t\t\t\t\t\t\t\t\t\t<figure class=\"wp-caption\">\n\t\t\t\t\t\t\t\t\t\t\t<a href=\"http:\/\/www.raulviera.com\/afrika\/\">\n\t\t\t\t\t\t\t<img loading=\"lazy\" decoding=\"async\" width=\"218\" height=\"300\" src=\"https:\/\/www.raulviera.com\/wp-content\/uploads\/2020\/03\/afrikaB2-218x300.jpg\" class=\"elementor-animation-grow attachment-medium size-medium wp-image-321\" alt=\"Kinshasa. 76x92 cms. Cuadro al \u00f3leo sobre lienzo, representa las cabezas de animales que sol\u00edan conseguir los antiguos cazadores para colgarlos en sus salones. En esta colecci\u00f3n queremos mostrar lo in\u00fatil y absurdo de ese prop\u00f3sito, que bien se puede suplir con una de estas pinturas. En este caso mostramos al elefante.\" srcset=\"https:\/\/www.raulviera.com\/wp-content\/uploads\/2020\/03\/afrikaB2-218x300.jpg 218w, https:\/\/www.raulviera.com\/wp-content\/uploads\/2020\/03\/afrikaB2-743x1024.jpg 743w, https:\/\/www.raulviera.com\/wp-content\/uploads\/2020\/03\/afrikaB2-768x1058.jpg 768w, https:\/\/www.raulviera.com\/wp-content\/uploads\/2020\/03\/afrikaB2-1115x1536.jpg 1115w, https:\/\/www.raulviera.com\/wp-content\/uploads\/2020\/03\/afrikaB2-1486x2048.jpg 1486w, https:\/\/www.raulviera.com\/wp-content\/uploads\/2020\/03\/afrikaB2-scaled.jpg 1858w\" sizes=\"(max-width: 218px) 100vw, 218px\" \/>\t\t\t\t\t\t\t\t<\/a>\n\t\t\t\t\t\t\t\t\t\t\t<figcaption class=\"widget-image-caption wp-caption-text\">Afrika<\/figcaption>\n\t\t\t\t\t\t\t\t\t\t<\/figure>\n\t\t\t\t\t\t\t\t\t<\/div>\n\t\t\t\t<\/div>\n\t\t\t\t\t<\/div>\n\t\t<\/div>\n\t\t\t\t\t<\/div>\n\t\t<\/section>\n\t\t\t\t<\/div>","protected":false},"excerpt":{"rendered":"<p>Colecciones El rapto Una mala tarde Imperfect Kosmos Afrika<\/p>","protected":false},"author":1,"featured_media":0,"parent":0,"menu_order":0,"comment_status":"closed","ping_status":"closed","template":"","meta":{"site-sidebar-layout":"no-sidebar","site-content-layout":"page-builder","ast-site-content-layout":"","site-content-style":"default","site-sidebar-style":"default","ast-global-header-display":"","ast-banner-title-visibility":"","ast-main-header-display":"","ast-hfb-above-header-display":"","ast-hfb-below-header-display":"","ast-hfb-mobile-header-display":"","site-post-title":"disabled","ast-breadcrumbs-content":"","ast-featured-img":"disabled","footer-sml-layout":"","theme-transparent-header-meta":"default","adv-header-id-meta":"","stick-header-meta":"","header-above-stick-meta":"","header-main-stick-meta":"","header-below-stick-meta":"","astra-migrate-meta-layouts":"default","ast-page-background-enabled":"default","ast-page-background-meta":{"desktop":{"background-color":"","background-image":"","background-repeat":"repeat","background-position":"center center","background-size":"auto","background-attachment":"scroll","background-type":"","background-media":"","overlay-type":"","overlay-color":"","overlay-opacity":"","overlay-gradient":""},"tablet":{"background-color":"","background-image":"","background-repeat":"repeat","background-position":"center center","background-size":"auto","background-attachment":"scroll","background-type":"","background-media":"","overlay-type":"","overlay-color":"","overlay-opacity":"","overlay-gradient":""},"mobile":{"background-color":"","background-image":"","background-repeat":"repeat","background-position":"center center","background-size":"auto","background-attachment":"scroll","background-type":"","background-media":"","overlay-type":"","overlay-color":"","overlay-opacity":"","overlay-gradient":""}},"ast-content-background-meta":{"desktop":{"background-color":"var(--ast-global-color-5)","background-image":"","background-repeat":"repeat","background-position":"center center","background-size":"auto","background-attachment":"scroll","background-type":"","background-media":"","overlay-type":"","overlay-color":"","overlay-opacity":"","overlay-gradient":""},"tablet":{"background-color":"var(--ast-global-color-5)","background-image":"","background-repeat":"repeat","background-position":"center center","background-size":"auto","background-attachment":"scroll","background-type":"","background-media":"","overlay-type":"","overlay-color":"","overlay-opacity":"","overlay-gradient":""},"mobile":{"background-color":"var(--ast-global-color-5)","background-image":"","background-repeat":"repeat","background-position":"center center","background-size":"auto","background-attachment":"scroll","background-type":"","background-media":"","overlay-type":"","overlay-color":"","overlay-opacity":"","overlay-gradient":""}},"footnotes":""},"class_list":["post-159","page","type-page","status-publish","hentry"],"yoast_head":"<!-- This site is optimized with the Yoast SEO plugin v27.4 - https:\/\/yoast.com\/product\/yoast-seo-wordpress\/ -->\n<title>Colecciones - Raul Viera Coleccion pintura lienzo \u00f3leo acr\u00edlico<\/title>\n<meta name=\"description\" content=\"Colecciones de pintura sobre lienzo de Raul Viera. Serie de colecciones donde se encuentran todas la obras clasificadas de Ra\u00fal Viera. En ellas se pueden encontrar, por ejemplo, Una Mala Tarde, El Rapto, Afrika, etc etc...\" \/>\n<meta name=\"robots\" content=\"index, follow, max-snippet:-1, max-image-preview:large, max-video-preview:-1\" \/>\n<link rel=\"canonical\" href=\"https:\/\/www.raulviera.com\/en\/colecciones\/\" \/>\n<meta property=\"og:locale\" content=\"en_GB\" \/>\n<meta property=\"og:type\" content=\"article\" \/>\n<meta property=\"og:title\" content=\"Colecciones - Raul Viera Coleccion pintura lienzo \u00f3leo acr\u00edlico\" \/>\n<meta property=\"og:description\" content=\"Colecciones de pintura sobre lienzo de Raul Viera. Serie de colecciones donde se encuentran todas la obras clasificadas de Ra\u00fal Viera. En ellas se pueden encontrar, por ejemplo, Una Mala Tarde, El Rapto, Afrika, etc etc...\" \/>\n<meta property=\"og:url\" content=\"https:\/\/www.raulviera.com\/en\/colecciones\/\" \/>\n<meta property=\"og:site_name\" content=\"Raul Viera\" \/>\n<meta property=\"article:modified_time\" content=\"2020-04-15T10:21:05+00:00\" \/>\n<meta property=\"og:image\" content=\"https:\/\/www.raulviera.com\/wp-content\/uploads\/2020\/03\/Rapture-218x300.jpg\" \/>\n<meta name=\"twitter:card\" content=\"summary_large_image\" \/>\n<script type=\"application\/ld+json\" class=\"yoast-schema-graph\">{\"@context\":\"https:\\\/\\\/schema.org\",\"@graph\":[{\"@type\":\"WebPage\",\"@id\":\"https:\\\/\\\/www.raulviera.com\\\/colecciones\\\/\",\"url\":\"https:\\\/\\\/www.raulviera.com\\\/colecciones\\\/\",\"name\":\"Colecciones - Raul Viera Coleccion pintura lienzo \u00f3leo acr\u00edlico\",\"isPartOf\":{\"@id\":\"https:\\\/\\\/www.raulviera.com\\\/#website\"},\"primaryImageOfPage\":{\"@id\":\"https:\\\/\\\/www.raulviera.com\\\/colecciones\\\/#primaryimage\"},\"image\":{\"@id\":\"https:\\\/\\\/www.raulviera.com\\\/colecciones\\\/#primaryimage\"},\"thumbnailUrl\":\"https:\\\/\\\/www.raulviera.com\\\/wp-content\\\/uploads\\\/2020\\\/03\\\/Rapture-218x300.jpg\",\"datePublished\":\"2020-03-20T17:24:59+00:00\",\"dateModified\":\"2020-04-15T10:21:05+00:00\",\"description\":\"Colecciones de pintura sobre lienzo de Raul Viera. Serie de colecciones donde se encuentran todas la obras clasificadas de Ra\u00fal Viera. En ellas se pueden encontrar, por ejemplo, Una Mala Tarde, El Rapto, Afrika, etc etc...\",\"breadcrumb\":{\"@id\":\"https:\\\/\\\/www.raulviera.com\\\/colecciones\\\/#breadcrumb\"},\"inLanguage\":\"en-GB\",\"potentialAction\":[{\"@type\":\"ReadAction\",\"target\":[\"https:\\\/\\\/www.raulviera.com\\\/colecciones\\\/\"]}]},{\"@type\":\"ImageObject\",\"inLanguage\":\"en-GB\",\"@id\":\"https:\\\/\\\/www.raulviera.com\\\/colecciones\\\/#primaryimage\",\"url\":\"https:\\\/\\\/www.raulviera.com\\\/wp-content\\\/uploads\\\/2020\\\/03\\\/Rapture-218x300.jpg\",\"contentUrl\":\"https:\\\/\\\/www.raulviera.com\\\/wp-content\\\/uploads\\\/2020\\\/03\\\/Rapture-218x300.jpg\"},{\"@type\":\"BreadcrumbList\",\"@id\":\"https:\\\/\\\/www.raulviera.com\\\/colecciones\\\/#breadcrumb\",\"itemListElement\":[{\"@type\":\"ListItem\",\"position\":1,\"name\":\"Portada\",\"item\":\"https:\\\/\\\/www.raulviera.com\\\/\"},{\"@type\":\"ListItem\",\"position\":2,\"name\":\"Colecciones\"}]},{\"@type\":\"WebSite\",\"@id\":\"https:\\\/\\\/www.raulviera.com\\\/#website\",\"url\":\"https:\\\/\\\/www.raulviera.com\\\/\",\"name\":\"Raul Viera\",\"description\":\"\",\"publisher\":{\"@id\":\"https:\\\/\\\/www.raulviera.com\\\/#\\\/schema\\\/person\\\/c4fba64c48303f2c6c1defe22a68311e\"},\"potentialAction\":[{\"@type\":\"SearchAction\",\"target\":{\"@type\":\"EntryPoint\",\"urlTemplate\":\"https:\\\/\\\/www.raulviera.com\\\/?s={search_term_string}\"},\"query-input\":{\"@type\":\"PropertyValueSpecification\",\"valueRequired\":true,\"valueName\":\"search_term_string\"}}],\"inLanguage\":\"en-GB\"},{\"@type\":[\"Person\",\"Organization\"],\"@id\":\"https:\\\/\\\/www.raulviera.com\\\/#\\\/schema\\\/person\\\/c4fba64c48303f2c6c1defe22a68311e\",\"name\":\"raulviera\",\"logo\":{\"@id\":\"https:\\\/\\\/www.raulviera.com\\\/#\\\/schema\\\/person\\\/image\\\/\"}}]}<\/script>\n<!-- \/ Yoast SEO plugin. -->","yoast_head_json":{"title":"Colecciones - Raul Viera Coleccion pintura lienzo \u00f3leo acr\u00edlico","description":"Colecciones de pintura sobre lienzo de Raul Viera. Serie de colecciones donde se encuentran todas la obras clasificadas de Ra\u00fal Viera. En ellas se pueden encontrar, por ejemplo, Una Mala Tarde, El Rapto, Afrika, etc etc...","robots":{"index":"index","follow":"follow","max-snippet":"max-snippet:-1","max-image-preview":"max-image-preview:large","max-video-preview":"max-video-preview:-1"},"canonical":"https:\/\/www.raulviera.com\/en\/colecciones\/","og_locale":"en_GB","og_type":"article","og_title":"Colecciones - Raul Viera Coleccion pintura lienzo \u00f3leo acr\u00edlico","og_description":"Colecciones de pintura sobre lienzo de Raul Viera. Serie de colecciones donde se encuentran todas la obras clasificadas de Ra\u00fal Viera. En ellas se pueden encontrar, por ejemplo, Una Mala Tarde, El Rapto, Afrika, etc etc...","og_url":"https:\/\/www.raulviera.com\/en\/colecciones\/","og_site_name":"Raul Viera","article_modified_time":"2020-04-15T10:21:05+00:00","og_image":[{"url":"https:\/\/www.raulviera.com\/wp-content\/uploads\/2020\/03\/Rapture-218x300.jpg","type":"","width":"","height":""}],"twitter_card":"summary_large_image","schema":{"@context":"https:\/\/schema.org","@graph":[{"@type":"WebPage","@id":"https:\/\/www.raulviera.com\/colecciones\/","url":"https:\/\/www.raulviera.com\/colecciones\/","name":"Colecciones - Raul Viera Coleccion pintura lienzo \u00f3leo acr\u00edlico","isPartOf":{"@id":"https:\/\/www.raulviera.com\/#website"},"primaryImageOfPage":{"@id":"https:\/\/www.raulviera.com\/colecciones\/#primaryimage"},"image":{"@id":"https:\/\/www.raulviera.com\/colecciones\/#primaryimage"},"thumbnailUrl":"https:\/\/www.raulviera.com\/wp-content\/uploads\/2020\/03\/Rapture-218x300.jpg","datePublished":"2020-03-20T17:24:59+00:00","dateModified":"2020-04-15T10:21:05+00:00","description":"Colecciones de pintura sobre lienzo de Raul Viera. Serie de colecciones donde se encuentran todas la obras clasificadas de Ra\u00fal Viera. En ellas se pueden encontrar, por ejemplo, Una Mala Tarde, El Rapto, Afrika, etc etc...","breadcrumb":{"@id":"https:\/\/www.raulviera.com\/colecciones\/#breadcrumb"},"inLanguage":"en-GB","potentialAction":[{"@type":"ReadAction","target":["https:\/\/www.raulviera.com\/colecciones\/"]}]},{"@type":"ImageObject","inLanguage":"en-GB","@id":"https:\/\/www.raulviera.com\/colecciones\/#primaryimage","url":"https:\/\/www.raulviera.com\/wp-content\/uploads\/2020\/03\/Rapture-218x300.jpg","contentUrl":"https:\/\/www.raulviera.com\/wp-content\/uploads\/2020\/03\/Rapture-218x300.jpg"},{"@type":"BreadcrumbList","@id":"https:\/\/www.raulviera.com\/colecciones\/#breadcrumb","itemListElement":[{"@type":"ListItem","position":1,"name":"Portada","item":"https:\/\/www.raulviera.com\/"},{"@type":"ListItem","position":2,"name":"Colecciones"}]},{"@type":"WebSite","@id":"https:\/\/www.raulviera.com\/#website","url":"https:\/\/www.raulviera.com\/","name":"Raul Viera","description":"","publisher":{"@id":"https:\/\/www.raulviera.com\/#\/schema\/person\/c4fba64c48303f2c6c1defe22a68311e"},"potentialAction":[{"@type":"SearchAction","target":{"@type":"EntryPoint","urlTemplate":"https:\/\/www.raulviera.com\/?s={search_term_string}"},"query-input":{"@type":"PropertyValueSpecification","valueRequired":true,"valueName":"search_term_string"}}],"inLanguage":"en-GB"},{"@type":["Person","Organization"],"@id":"https:\/\/www.raulviera.com\/#\/schema\/person\/c4fba64c48303f2c6c1defe22a68311e","name":"raulviera","logo":{"@id":"https:\/\/www.raulviera.com\/#\/schema\/person\/image\/"}}]}},"amp_enabled":true,"_links":{"self":[{"href":"https:\/\/www.raulviera.com\/en\/wp-json\/wp\/v2\/pages\/159","targetHints":{"allow":["GET"]}}],"collection":[{"href":"https:\/\/www.raulviera.com\/en\/wp-json\/wp\/v2\/pages"}],"about":[{"href":"https:\/\/www.raulviera.com\/en\/wp-json\/wp\/v2\/types\/page"}],"author":[{"embeddable":true,"href":"https:\/\/www.raulviera.com\/en\/wp-json\/wp\/v2\/users\/1"}],"replies":[{"embeddable":true,"href":"https:\/\/www.raulviera.com\/en\/wp-json\/wp\/v2\/comments?post=159"}],"version-history":[{"count":19,"href":"https:\/\/www.raulviera.com\/en\/wp-json\/wp\/v2\/pages\/159\/revisions"}],"predecessor-version":[{"id":652,"href":"https:\/\/www.raulviera.com\/en\/wp-json\/wp\/v2\/pages\/159\/revisions\/652"}],"wp:attachment":[{"href":"https:\/\/www.raulviera.com\/en\/wp-json\/wp\/v2\/media?parent=159"}],"curies":[{"name":"wp","href":"https:\/\/api.w.org\/{rel}","templated":true}]}}